{"id":1001,"date":"2025-05-02T14:44:31","date_gmt":"2025-05-02T12:44:31","guid":{"rendered":"https:\/\/www.zanoni.es\/carpets\/"},"modified":"2025-06-12T16:55:57","modified_gmt":"2025-06-12T14:55:57","slug":"rugs","status":"publish","type":"page","link":"https:\/\/www.zanoni.es\/en\/rugs\/","title":{"rendered":"Rugs"},"content":{"rendered":"\t\t<div data-elementor-type=\"wp-page\" data-elementor-id=\"1001\" class=\"elementor elementor-1001 elementor-447\" data-elementor-post-type=\"page\">\n\t\t\t\t<div class=\"elementor-element elementor-element-f9e1dfe e-flex e-con-boxed e-con e-parent\" data-id=\"f9e1dfe\" data-element_type=\"container\">\n\t\t\t\t\t<div class=\"e-con-inner\">\n\t\t<div class=\"elementor-element elementor-element-a94d763 e-con-full e-grid e-con e-child\" data-id=\"a94d763\" data-element_type=\"container\">\n\t\t<div class=\"elementor-element elementor-element-26d47ee e-con-full e-flex e-con e-child\" data-id=\"26d47ee\" data-element_type=\"container\" data-settings=\"{&quot;background_background&quot;:&quot;classic&quot;}\">\n\t\t\t\t<div class=\"elementor-element elementor-element-6b32e9c elementor-widget elementor-widget-heading\" data-id=\"6b32e9c\" data-element_type=\"widget\" data-widget_type=\"heading.default\">\n\t\t\t\t<div class=\"elementor-widget-container\">\n\t\t\t\t\t<h2 class=\"elementor-heading-title elementor-size-default\">Rugs<\/h2>\t\t\t\t<\/div>\n\t\t\t\t<\/div>\n\t\t\t\t<div class=\"elementor-element elementor-element-7f39466 elementor-widget elementor-widget-text-editor\" data-id=\"7f39466\" data-element_type=\"widget\" data-widget_type=\"text-editor.default\">\n\t\t\t\t<div class=\"elementor-widget-container\">\n\t\t\t\t\t\t\t\t\t<p>Add warmth and character to your spaces with our rugs<\/p>\t\t\t\t\t\t\t\t<\/div>\n\t\t\t\t<\/div>\n\t\t\t\t<\/div>\n\t\t<div class=\"elementor-element elementor-element-c94df1b e-con-full e-flex e-con e-child\" data-id=\"c94df1b\" data-element_type=\"container\">\n\t\t\t\t<div class=\"elementor-element elementor-element-f667c48 elementor-widget elementor-widget-image\" data-id=\"f667c48\" data-element_type=\"widget\" data-widget_type=\"image.default\">\n\t\t\t\t<div class=\"elementor-widget-container\">\n\t\t\t\t\t\t\t\t\t\t\t\t\t\t\t<img fetchpriority=\"high\" decoding=\"async\" width=\"459\" height=\"700\" src=\"https:\/\/www.zanoni.es\/wp-content\/uploads\/2025\/04\/alfombras.webp\" class=\"elementor-animation-grow attachment-full size-full wp-image-855\" alt=\"\" srcset=\"https:\/\/www.zanoni.es\/wp-content\/uploads\/2025\/04\/alfombras.webp 459w, https:\/\/www.zanoni.es\/wp-content\/uploads\/2025\/04\/alfombras-197x300.webp 197w\" sizes=\"(max-width: 459px) 100vw, 459px\" \/>\t\t\t\t\t\t\t\t\t\t\t\t\t\t\t<\/div>\n\t\t\t\t<\/div>\n\t\t\t\t<\/div>\n\t\t\t\t<\/div>\n\t\t<div class=\"elementor-element elementor-element-57570ad e-con-full e-grid e-con e-child\" data-id=\"57570ad\" data-element_type=\"container\">\n\t\t<div class=\"elementor-element elementor-element-c0bdc0c e-con-full e-flex e-con e-child\" data-id=\"c0bdc0c\" data-element_type=\"container\" data-settings=\"{&quot;background_background&quot;:&quot;classic&quot;}\">\n\t\t\t\t<div class=\"elementor-element elementor-element-8f30723 elementor-widget elementor-widget-image\" data-id=\"8f30723\" data-element_type=\"widget\" data-widget_type=\"image.default\">\n\t\t\t\t<div class=\"elementor-widget-container\">\n\t\t\t\t\t\t\t\t\t\t\t\t\t\t\t<img decoding=\"async\" width=\"1000\" height=\"630\" src=\"https:\/\/www.zanoni.es\/wp-content\/uploads\/2025\/05\/zanoni-alfombras-3.webp\" class=\"elementor-animation-grow attachment-full size-full wp-image-960\" alt=\"\" srcset=\"https:\/\/www.zanoni.es\/wp-content\/uploads\/2025\/05\/zanoni-alfombras-3.webp 1000w, https:\/\/www.zanoni.es\/wp-content\/uploads\/2025\/05\/zanoni-alfombras-3-300x189.webp 300w, https:\/\/www.zanoni.es\/wp-content\/uploads\/2025\/05\/zanoni-alfombras-3-768x484.webp 768w\" sizes=\"(max-width: 1000px) 100vw, 1000px\" \/>\t\t\t\t\t\t\t\t\t\t\t\t\t\t\t<\/div>\n\t\t\t\t<\/div>\n\t\t\t\t<\/div>\n\t\t<div class=\"elementor-element elementor-element-eec8f34 e-con-full e-flex e-con e-child\" data-id=\"eec8f34\" data-element_type=\"container\">\n\t\t\t\t<div class=\"elementor-element elementor-element-cc0f975 elementor-widget elementor-widget-image\" data-id=\"cc0f975\" data-element_type=\"widget\" data-widget_type=\"image.default\">\n\t\t\t\t<div class=\"elementor-widget-container\">\n\t\t\t\t\t\t\t\t\t\t\t\t\t\t\t<img decoding=\"async\" width=\"550\" height=\"840\" src=\"https:\/\/www.zanoni.es\/wp-content\/uploads\/2025\/05\/zanoni-alfombras-1.webp\" class=\"elementor-animation-grow attachment-full size-full wp-image-958\" alt=\"\" srcset=\"https:\/\/www.zanoni.es\/wp-content\/uploads\/2025\/05\/zanoni-alfombras-1.webp 550w, https:\/\/www.zanoni.es\/wp-content\/uploads\/2025\/05\/zanoni-alfombras-1-196x300.webp 196w\" sizes=\"(max-width: 550px) 100vw, 550px\" \/>\t\t\t\t\t\t\t\t\t\t\t\t\t\t\t<\/div>\n\t\t\t\t<\/div>\n\t\t\t\t<\/div>\n\t\t<div class=\"elementor-element elementor-element-9523156 e-con-full e-flex e-con e-child\" data-id=\"9523156\" data-element_type=\"container\">\n\t\t\t\t<div class=\"elementor-element elementor-element-cffaab2 elementor-widget elementor-widget-text-editor\" data-id=\"cffaab2\" data-element_type=\"widget\" data-widget_type=\"text-editor.default\">\n\t\t\t\t<div class=\"elementor-widget-container\">\n\t\t\t\t\t\t\t\t\t<p>We work with Ferreira de S\u00e1, a Portuguese firm renowned for its bespoke craftsmanship and exceptional quality materials. Unique designs that transform any environment.<\/p>\t\t\t\t\t\t\t\t<\/div>\n\t\t\t\t<\/div>\n\t\t\t\t<\/div>\n\t\t\t\t<\/div>\n\t\t\t\t<div class=\"elementor-element elementor-element-0a9764a elementor-widget elementor-widget-image-carousel\" data-id=\"0a9764a\" data-element_type=\"widget\" data-settings=\"{&quot;slides_to_show&quot;:&quot;4&quot;,&quot;slides_to_scroll&quot;:&quot;1&quot;,&quot;navigation&quot;:&quot;none&quot;,&quot;lazyload&quot;:&quot;yes&quot;,&quot;autoplay_speed&quot;:3000,&quot;image_spacing_custom&quot;:{&quot;unit&quot;:&quot;px&quot;,&quot;size&quot;:35,&quot;sizes&quot;:[]},&quot;autoplay&quot;:&quot;yes&quot;,&quot;infinite&quot;:&quot;yes&quot;,&quot;speed&quot;:500,&quot;image_spacing_custom_tablet&quot;:{&quot;unit&quot;:&quot;px&quot;,&quot;size&quot;:&quot;&quot;,&quot;sizes&quot;:[]},&quot;image_spacing_custom_mobile&quot;:{&quot;unit&quot;:&quot;px&quot;,&quot;size&quot;:&quot;&quot;,&quot;sizes&quot;:[]}}\" data-widget_type=\"image-carousel.default\">\n\t\t\t\t<div class=\"elementor-widget-container\">\n\t\t\t\t\t\t\t<div class=\"elementor-image-carousel-wrapper swiper\" role=\"region\" aria-roledescription=\"carousel\" aria-label=\"Carrusel de im\u00e1genes\" dir=\"ltr\">\n\t\t\t<div class=\"elementor-image-carousel swiper-wrapper\" aria-live=\"off\">\n\t\t\t\t\t\t\t\t<div class=\"swiper-slide\" role=\"group\" aria-roledescription=\"slide\" aria-label=\"1 of 5\"><figure class=\"swiper-slide-inner\"><img class=\"swiper-slide-image swiper-lazy\" data-src=\"https:\/\/www.zanoni.es\/wp-content\/uploads\/2025\/05\/zanoni-alfombras-2.webp\" alt=\"zanoni-alfombras-2\" \/><div class=\"swiper-lazy-preloader\"><\/div><\/figure><\/div><div class=\"swiper-slide\" role=\"group\" aria-roledescription=\"slide\" aria-label=\"2 of 5\"><figure class=\"swiper-slide-inner\"><img class=\"swiper-slide-image swiper-lazy\" data-src=\"https:\/\/www.zanoni.es\/wp-content\/uploads\/2025\/05\/zanoni-alfombras-4.webp\" alt=\"zanoni-alfombras-4\" \/><div class=\"swiper-lazy-preloader\"><\/div><\/figure><\/div><div class=\"swiper-slide\" role=\"group\" aria-roledescription=\"slide\" aria-label=\"3 of 5\"><figure class=\"swiper-slide-inner\"><img class=\"swiper-slide-image swiper-lazy\" data-src=\"https:\/\/www.zanoni.es\/wp-content\/uploads\/2025\/05\/zanoni-alfombras-6.webp\" alt=\"zanoni-alfombras-6\" \/><div class=\"swiper-lazy-preloader\"><\/div><\/figure><\/div><div class=\"swiper-slide\" role=\"group\" aria-roledescription=\"slide\" aria-label=\"4 of 5\"><figure class=\"swiper-slide-inner\"><img class=\"swiper-slide-image swiper-lazy\" data-src=\"https:\/\/www.zanoni.es\/wp-content\/uploads\/2025\/05\/zanoni-alfombras-7.webp\" alt=\"zanoni-alfombras-7\" \/><div class=\"swiper-lazy-preloader\"><\/div><\/figure><\/div><div class=\"swiper-slide\" role=\"group\" aria-roledescription=\"slide\" aria-label=\"5 of 5\"><figure class=\"swiper-slide-inner\"><img class=\"swiper-slide-image swiper-lazy\" data-src=\"https:\/\/www.zanoni.es\/wp-content\/uploads\/2025\/05\/zanoni-alfombras-8.webp\" alt=\"zanoni-alfombras-8\" \/><div class=\"swiper-lazy-preloader\"><\/div><\/figure><\/div>\t\t\t<\/div>\n\t\t\t\t\t\t\t\n\t\t\t\t\t\t\t\t\t<\/div>\n\t\t\t\t\t\t<\/div>\n\t\t\t\t<\/div>\n\t\t\t\t\t<\/div>\n\t\t\t\t<\/div>\n\t\t<div class=\"elementor-element elementor-element-6ee9f0fc e-flex e-con-boxed e-con e-parent\" data-id=\"6ee9f0fc\" data-element_type=\"container\">\n\t\t\t\t\t<div class=\"e-con-inner\">\n\t\t<div class=\"elementor-element elementor-element-1cc8be08 e-con-full e-grid e-con e-child\" data-id=\"1cc8be08\" data-element_type=\"container\">\n\t\t\t\t<div class=\"elementor-element elementor-element-1ac7cb4 elementor-widget elementor-widget-heading\" data-id=\"1ac7cb4\" data-element_type=\"widget\" data-widget_type=\"heading.default\">\n\t\t\t\t<div class=\"elementor-widget-container\">\n\t\t\t\t\t<h2 class=\"elementor-heading-title elementor-size-default\">Our brands<\/h2>\t\t\t\t<\/div>\n\t\t\t\t<\/div>\n\t\t\t\t<\/div>\n\t\t<div class=\"elementor-element elementor-element-22761fc1 e-grid e-con-full e-con e-child\" data-id=\"22761fc1\" data-element_type=\"container\">\n\t\t\t\t<div class=\"elementor-element elementor-element-4026054 elementor-widget elementor-widget-image\" data-id=\"4026054\" data-element_type=\"widget\" data-widget_type=\"image.default\">\n\t\t\t\t<div class=\"elementor-widget-container\">\n\t\t\t\t\t\t\t\t\t\t\t\t\t\t\t<img loading=\"lazy\" decoding=\"async\" width=\"569\" height=\"569\" src=\"https:\/\/www.zanoni.es\/wp-content\/uploads\/2025\/05\/usm.svg\" class=\"attachment-large size-large wp-image-870\" alt=\"\" \/>\t\t\t\t\t\t\t\t\t\t\t\t\t\t\t<\/div>\n\t\t\t\t<\/div>\n\t\t\t\t<div class=\"elementor-element elementor-element-623a0c04 elementor-widget elementor-widget-image\" data-id=\"623a0c04\" data-element_type=\"widget\" data-widget_type=\"image.default\">\n\t\t\t\t<div class=\"elementor-widget-container\">\n\t\t\t\t\t\t\t\t\t\t\t\t\t\t\t<img loading=\"lazy\" decoding=\"async\" width=\"569\" height=\"569\" src=\"https:\/\/www.zanoni.es\/wp-content\/uploads\/2025\/05\/romo.svg\" class=\"attachment-large size-large wp-image-869\" alt=\"\" \/>\t\t\t\t\t\t\t\t\t\t\t\t\t\t\t<\/div>\n\t\t\t\t<\/div>\n\t\t\t\t<div class=\"elementor-element elementor-element-3a5c3bb elementor-widget elementor-widget-image\" data-id=\"3a5c3bb\" data-element_type=\"widget\" data-widget_type=\"image.default\">\n\t\t\t\t<div class=\"elementor-widget-container\">\n\t\t\t\t\t\t\t\t\t\t\t\t\t\t\t<img loading=\"lazy\" decoding=\"async\" width=\"569\" height=\"569\" src=\"https:\/\/www.zanoni.es\/wp-content\/uploads\/2025\/05\/ntradition.svg\" class=\"attachment-large size-large wp-image-868\" alt=\"\" \/>\t\t\t\t\t\t\t\t\t\t\t\t\t\t\t<\/div>\n\t\t\t\t<\/div>\n\t\t\t\t<div class=\"elementor-element elementor-element-264eee81 elementor-widget elementor-widget-image\" data-id=\"264eee81\" data-element_type=\"widget\" data-widget_type=\"image.default\">\n\t\t\t\t<div class=\"elementor-widget-container\">\n\t\t\t\t\t\t\t\t\t\t\t\t\t\t\t<img loading=\"lazy\" decoding=\"async\" width=\"569\" height=\"569\" src=\"https:\/\/www.zanoni.es\/wp-content\/uploads\/2025\/05\/missoni.svg\" class=\"attachment-large size-large wp-image-867\" alt=\"\" \/>\t\t\t\t\t\t\t\t\t\t\t\t\t\t\t<\/div>\n\t\t\t\t<\/div>\n\t\t\t\t<div class=\"elementor-element elementor-element-587d002d elementor-widget elementor-widget-image\" data-id=\"587d002d\" data-element_type=\"widget\" data-widget_type=\"image.default\">\n\t\t\t\t<div class=\"elementor-widget-container\">\n\t\t\t\t\t\t\t\t\t\t\t\t\t\t\t<img loading=\"lazy\" decoding=\"async\" width=\"569\" height=\"569\" src=\"https:\/\/www.zanoni.es\/wp-content\/uploads\/2025\/05\/malingoetz.svg\" class=\"attachment-large size-large wp-image-866\" alt=\"\" \/>\t\t\t\t\t\t\t\t\t\t\t\t\t\t\t<\/div>\n\t\t\t\t<\/div>\n\t\t\t\t<div class=\"elementor-element elementor-element-58963701 elementor-widget elementor-widget-image\" data-id=\"58963701\" data-element_type=\"widget\" data-widget_type=\"image.default\">\n\t\t\t\t<div class=\"elementor-widget-container\">\n\t\t\t\t\t\t\t\t\t\t\t\t\t\t\t<img loading=\"lazy\" decoding=\"async\" width=\"569\" height=\"569\" src=\"https:\/\/www.zanoni.es\/wp-content\/uploads\/2025\/05\/lladro.svg\" class=\"attachment-large size-large wp-image-865\" alt=\"\" \/>\t\t\t\t\t\t\t\t\t\t\t\t\t\t\t<\/div>\n\t\t\t\t<\/div>\n\t\t\t\t<div class=\"elementor-element elementor-element-33bada4b elementor-widget elementor-widget-image\" data-id=\"33bada4b\" data-element_type=\"widget\" data-widget_type=\"image.default\">\n\t\t\t\t<div class=\"elementor-widget-container\">\n\t\t\t\t\t\t\t\t\t\t\t\t\t\t\t<img loading=\"lazy\" decoding=\"async\" width=\"569\" height=\"569\" src=\"https:\/\/www.zanoni.es\/wp-content\/uploads\/2025\/05\/fritz-hansen.svg\" class=\"attachment-large size-large wp-image-864\" alt=\"\" \/>\t\t\t\t\t\t\t\t\t\t\t\t\t\t\t<\/div>\n\t\t\t\t<\/div>\n\t\t\t\t<div class=\"elementor-element elementor-element-5885db08 elementor-widget elementor-widget-image\" data-id=\"5885db08\" data-element_type=\"widget\" data-widget_type=\"image.default\">\n\t\t\t\t<div class=\"elementor-widget-container\">\n\t\t\t\t\t\t\t\t\t\t\t\t\t\t\t<img loading=\"lazy\" decoding=\"async\" width=\"569\" height=\"569\" src=\"https:\/\/www.zanoni.es\/wp-content\/uploads\/2025\/05\/ferreira-de-sa.svg\" class=\"attachment-large size-large wp-image-863\" alt=\"\" \/>\t\t\t\t\t\t\t\t\t\t\t\t\t\t\t<\/div>\n\t\t\t\t<\/div>\n\t\t\t\t<div class=\"elementor-element elementor-element-3d3494f elementor-widget elementor-widget-image\" data-id=\"3d3494f\" data-element_type=\"widget\" data-widget_type=\"image.default\">\n\t\t\t\t<div class=\"elementor-widget-container\">\n\t\t\t\t\t\t\t\t\t\t\t\t\t\t\t<img loading=\"lazy\" decoding=\"async\" width=\"569\" height=\"569\" src=\"https:\/\/www.zanoni.es\/wp-content\/uploads\/2025\/05\/verges.svg\" class=\"attachment-large size-large wp-image-871\" alt=\"\" \/>\t\t\t\t\t\t\t\t\t\t\t\t\t\t\t<\/div>\n\t\t\t\t<\/div>\n\t\t\t\t<div class=\"elementor-element elementor-element-1559ad43 elementor-widget elementor-widget-image\" data-id=\"1559ad43\" data-element_type=\"widget\" data-widget_type=\"image.default\">\n\t\t\t\t<div class=\"elementor-widget-container\">\n\t\t\t\t\t\t\t\t\t\t\t\t\t\t\t<img loading=\"lazy\" decoding=\"async\" width=\"569\" height=\"569\" src=\"https:\/\/www.zanoni.es\/wp-content\/uploads\/2025\/05\/casamance.svg\" class=\"attachment-large size-large wp-image-862\" alt=\"\" \/>\t\t\t\t\t\t\t\t\t\t\t\t\t\t\t<\/div>\n\t\t\t\t<\/div>\n\t\t\t\t<div class=\"elementor-element elementor-element-1c0841e6 elementor-widget elementor-widget-image\" data-id=\"1c0841e6\" data-element_type=\"widget\" data-widget_type=\"image.default\">\n\t\t\t\t<div class=\"elementor-widget-container\">\n\t\t\t\t\t\t\t\t\t\t\t\t\t\t\t<img loading=\"lazy\" decoding=\"async\" width=\"569\" height=\"569\" src=\"https:\/\/www.zanoni.es\/wp-content\/uploads\/2025\/05\/casa-desus.svg\" class=\"attachment-large size-large wp-image-861\" alt=\"\" \/>\t\t\t\t\t\t\t\t\t\t\t\t\t\t\t<\/div>\n\t\t\t\t<\/div>\n\t\t\t\t<div class=\"elementor-element elementor-element-5d23ca7a elementor-widget elementor-widget-image\" data-id=\"5d23ca7a\" data-element_type=\"widget\" data-widget_type=\"image.default\">\n\t\t\t\t<div class=\"elementor-widget-container\">\n\t\t\t\t\t\t\t\t\t\t\t\t\t\t\t<img loading=\"lazy\" decoding=\"async\" width=\"569\" height=\"569\" src=\"https:\/\/www.zanoni.es\/wp-content\/uploads\/2025\/05\/bandalux.svg\" class=\"attachment-large size-large wp-image-860\" alt=\"\" \/>\t\t\t\t\t\t\t\t\t\t\t\t\t\t\t<\/div>\n\t\t\t\t<\/div>\n\t\t\t\t<\/div>\n\t\t\t\t\t<\/div>\n\t\t\t\t<\/div>\n\t\t\t\t<\/div>\n\t\t","protected":false},"excerpt":{"rendered":"<p>Rugs Add warmth and character to your spaces with our rugs We work with Ferreira de S\u00e1, a Portuguese firm renowned for its bespoke craftsmanship and exceptional quality materials. Unique designs that transform any environment. Our brands<\/p>\n","protected":false},"author":2,"featured_media":0,"parent":0,"menu_order":0,"comment_status":"closed","ping_status":"closed","template":"elementor_theme","meta":{"footnotes":""},"class_list":["post-1001","page","type-page","status-publish","hentry"],"yoast_head":"<!-- This site is optimized with the Yoast SEO plugin v26.8 - https:\/\/yoast.com\/product\/yoast-seo-wordpress\/ -->\n<title>Rugs<\/title>\n<meta name=\"robots\" content=\"noindex, follow, max-snippet:-1, max-image-preview:large, max-video-preview:-1\" \/>\n<meta property=\"og:locale\" content=\"en_US\" \/>\n<meta property=\"og:type\" content=\"article\" \/>\n<meta property=\"og:title\" content=\"Rugs\" \/>\n<meta property=\"og:description\" content=\"Rugs Add warmth and character to your spaces with our rugs We work with Ferreira de S\u00e1, a Portuguese firm renowned for its bespoke craftsmanship and exceptional quality materials. Unique designs that transform any environment. Our brands\" \/>\n<meta property=\"og:url\" content=\"https:\/\/www.zanoni.es\/en\/rugs\/\" \/>\n<meta property=\"og:site_name\" content=\"ZANONI Sitges | Studio \/ Showroom \/ Store\" \/>\n<meta property=\"article:modified_time\" content=\"2025-06-12T14:55:57+00:00\" \/>\n<meta property=\"og:image\" content=\"https:\/\/www.zanoni.es\/wp-content\/uploads\/2025\/04\/alfombras.webp\" \/>\n\t<meta property=\"og:image:width\" content=\"459\" \/>\n\t<meta property=\"og:image:height\" content=\"700\" \/>\n\t<meta property=\"og:image:type\" content=\"image\/webp\" \/>\n<meta name=\"twitter:card\" content=\"summary_large_image\" \/>\n<script type=\"application\/ld+json\" class=\"yoast-schema-graph\">{\"@context\":\"https:\/\/schema.org\",\"@graph\":[{\"@type\":\"WebPage\",\"@id\":\"https:\/\/www.zanoni.es\/en\/rugs\/\",\"url\":\"https:\/\/www.zanoni.es\/en\/rugs\/\",\"name\":\"Rugs\",\"isPartOf\":{\"@id\":\"https:\/\/www.zanoni.es\/#website\"},\"primaryImageOfPage\":{\"@id\":\"https:\/\/www.zanoni.es\/en\/rugs\/#primaryimage\"},\"image\":{\"@id\":\"https:\/\/www.zanoni.es\/en\/rugs\/#primaryimage\"},\"thumbnailUrl\":\"https:\/\/www.zanoni.es\/wp-content\/uploads\/2025\/04\/alfombras.webp\",\"datePublished\":\"2025-05-02T12:44:31+00:00\",\"dateModified\":\"2025-06-12T14:55:57+00:00\",\"breadcrumb\":{\"@id\":\"https:\/\/www.zanoni.es\/en\/rugs\/#breadcrumb\"},\"inLanguage\":\"en-US\",\"potentialAction\":[{\"@type\":\"ReadAction\",\"target\":[\"https:\/\/www.zanoni.es\/en\/rugs\/\"]}]},{\"@type\":\"ImageObject\",\"inLanguage\":\"en-US\",\"@id\":\"https:\/\/www.zanoni.es\/en\/rugs\/#primaryimage\",\"url\":\"https:\/\/www.zanoni.es\/wp-content\/uploads\/2025\/04\/alfombras.webp\",\"contentUrl\":\"https:\/\/www.zanoni.es\/wp-content\/uploads\/2025\/04\/alfombras.webp\"},{\"@type\":\"BreadcrumbList\",\"@id\":\"https:\/\/www.zanoni.es\/en\/rugs\/#breadcrumb\",\"itemListElement\":[{\"@type\":\"ListItem\",\"position\":1,\"name\":\"Portada\",\"item\":\"https:\/\/www.zanoni.es\/\"},{\"@type\":\"ListItem\",\"position\":2,\"name\":\"Rugs\"}]},{\"@type\":\"WebSite\",\"@id\":\"https:\/\/www.zanoni.es\/#website\",\"url\":\"https:\/\/www.zanoni.es\/\",\"name\":\"ZANONI Sitges | Studio \/ Showroom \/ Store\",\"description\":\"Arquitectura de interiores, mobiliario e iluminaci\u00f3n, cortinas, papeles pintados y tapicer\u00eda, objetos de decoraci\u00f3n\",\"publisher\":{\"@id\":\"https:\/\/www.zanoni.es\/#organization\"},\"alternateName\":\"ZANONI\",\"potentialAction\":[{\"@type\":\"SearchAction\",\"target\":{\"@type\":\"EntryPoint\",\"urlTemplate\":\"https:\/\/www.zanoni.es\/?s={search_term_string}\"},\"query-input\":{\"@type\":\"PropertyValueSpecification\",\"valueRequired\":true,\"valueName\":\"search_term_string\"}}],\"inLanguage\":\"en-US\"},{\"@type\":\"Organization\",\"@id\":\"https:\/\/www.zanoni.es\/#organization\",\"name\":\"ZANONI Sitges\",\"alternateName\":\"ZANONI\",\"url\":\"https:\/\/www.zanoni.es\/\",\"logo\":{\"@type\":\"ImageObject\",\"inLanguage\":\"en-US\",\"@id\":\"https:\/\/www.zanoni.es\/#\/schema\/logo\/image\/\",\"url\":\"https:\/\/www.zanoni.es\/wp-content\/uploads\/2025\/04\/logo-512.png\",\"contentUrl\":\"https:\/\/www.zanoni.es\/wp-content\/uploads\/2025\/04\/logo-512.png\",\"width\":512,\"height\":512,\"caption\":\"ZANONI Sitges\"},\"image\":{\"@id\":\"https:\/\/www.zanoni.es\/#\/schema\/logo\/image\/\"}}]}<\/script>\n<!-- \/ Yoast SEO plugin. -->","yoast_head_json":{"title":"Rugs","robots":{"index":"noindex","follow":"follow","max-snippet":"max-snippet:-1","max-image-preview":"max-image-preview:large","max-video-preview":"max-video-preview:-1"},"og_locale":"en_US","og_type":"article","og_title":"Rugs","og_description":"Rugs Add warmth and character to your spaces with our rugs We work with Ferreira de S\u00e1, a Portuguese firm renowned for its bespoke craftsmanship and exceptional quality materials. Unique designs that transform any environment. Our brands","og_url":"https:\/\/www.zanoni.es\/en\/rugs\/","og_site_name":"ZANONI Sitges | Studio \/ Showroom \/ Store","article_modified_time":"2025-06-12T14:55:57+00:00","og_image":[{"width":459,"height":700,"url":"https:\/\/www.zanoni.es\/wp-content\/uploads\/2025\/04\/alfombras.webp","type":"image\/webp"}],"twitter_card":"summary_large_image","schema":{"@context":"https:\/\/schema.org","@graph":[{"@type":"WebPage","@id":"https:\/\/www.zanoni.es\/en\/rugs\/","url":"https:\/\/www.zanoni.es\/en\/rugs\/","name":"Rugs","isPartOf":{"@id":"https:\/\/www.zanoni.es\/#website"},"primaryImageOfPage":{"@id":"https:\/\/www.zanoni.es\/en\/rugs\/#primaryimage"},"image":{"@id":"https:\/\/www.zanoni.es\/en\/rugs\/#primaryimage"},"thumbnailUrl":"https:\/\/www.zanoni.es\/wp-content\/uploads\/2025\/04\/alfombras.webp","datePublished":"2025-05-02T12:44:31+00:00","dateModified":"2025-06-12T14:55:57+00:00","breadcrumb":{"@id":"https:\/\/www.zanoni.es\/en\/rugs\/#breadcrumb"},"inLanguage":"en-US","potentialAction":[{"@type":"ReadAction","target":["https:\/\/www.zanoni.es\/en\/rugs\/"]}]},{"@type":"ImageObject","inLanguage":"en-US","@id":"https:\/\/www.zanoni.es\/en\/rugs\/#primaryimage","url":"https:\/\/www.zanoni.es\/wp-content\/uploads\/2025\/04\/alfombras.webp","contentUrl":"https:\/\/www.zanoni.es\/wp-content\/uploads\/2025\/04\/alfombras.webp"},{"@type":"BreadcrumbList","@id":"https:\/\/www.zanoni.es\/en\/rugs\/#breadcrumb","itemListElement":[{"@type":"ListItem","position":1,"name":"Portada","item":"https:\/\/www.zanoni.es\/"},{"@type":"ListItem","position":2,"name":"Rugs"}]},{"@type":"WebSite","@id":"https:\/\/www.zanoni.es\/#website","url":"https:\/\/www.zanoni.es\/","name":"ZANONI Sitges | Studio \/ Showroom \/ Store","description":"Arquitectura de interiores, mobiliario e iluminaci\u00f3n, cortinas, papeles pintados y tapicer\u00eda, objetos de decoraci\u00f3n","publisher":{"@id":"https:\/\/www.zanoni.es\/#organization"},"alternateName":"ZANONI","potentialAction":[{"@type":"SearchAction","target":{"@type":"EntryPoint","urlTemplate":"https:\/\/www.zanoni.es\/?s={search_term_string}"},"query-input":{"@type":"PropertyValueSpecification","valueRequired":true,"valueName":"search_term_string"}}],"inLanguage":"en-US"},{"@type":"Organization","@id":"https:\/\/www.zanoni.es\/#organization","name":"ZANONI Sitges","alternateName":"ZANONI","url":"https:\/\/www.zanoni.es\/","logo":{"@type":"ImageObject","inLanguage":"en-US","@id":"https:\/\/www.zanoni.es\/#\/schema\/logo\/image\/","url":"https:\/\/www.zanoni.es\/wp-content\/uploads\/2025\/04\/logo-512.png","contentUrl":"https:\/\/www.zanoni.es\/wp-content\/uploads\/2025\/04\/logo-512.png","width":512,"height":512,"caption":"ZANONI Sitges"},"image":{"@id":"https:\/\/www.zanoni.es\/#\/schema\/logo\/image\/"}}]}},"_links":{"self":[{"href":"https:\/\/www.zanoni.es\/en\/wp-json\/wp\/v2\/pages\/1001","targetHints":{"allow":["GET"]}}],"collection":[{"href":"https:\/\/www.zanoni.es\/en\/wp-json\/wp\/v2\/pages"}],"about":[{"href":"https:\/\/www.zanoni.es\/en\/wp-json\/wp\/v2\/types\/page"}],"author":[{"embeddable":true,"href":"https:\/\/www.zanoni.es\/en\/wp-json\/wp\/v2\/users\/2"}],"replies":[{"embeddable":true,"href":"https:\/\/www.zanoni.es\/en\/wp-json\/wp\/v2\/comments?post=1001"}],"version-history":[{"count":3,"href":"https:\/\/www.zanoni.es\/en\/wp-json\/wp\/v2\/pages\/1001\/revisions"}],"predecessor-version":[{"id":1068,"href":"https:\/\/www.zanoni.es\/en\/wp-json\/wp\/v2\/pages\/1001\/revisions\/1068"}],"wp:attachment":[{"href":"https:\/\/www.zanoni.es\/en\/wp-json\/wp\/v2\/media?parent=1001"}],"curies":[{"name":"wp","href":"https:\/\/api.w.org\/{rel}","templated":true}]}}