{"id":1003,"date":"2025-05-02T14:46:45","date_gmt":"2025-05-02T12:46:45","guid":{"rendered":"https:\/\/www.zanoni.es\/textile-accessories\/"},"modified":"2025-06-10T11:59:54","modified_gmt":"2025-06-10T09:59:54","slug":"textile-accessories","status":"publish","type":"page","link":"https:\/\/www.zanoni.es\/en\/textile-accessories\/","title":{"rendered":"Textile accessories"},"content":{"rendered":"\t\t<div data-elementor-type=\"wp-page\" data-elementor-id=\"1003\" class=\"elementor elementor-1003 elementor-462\" data-elementor-post-type=\"page\">\n\t\t\t\t<div class=\"elementor-element elementor-element-4c4c31d e-flex e-con-boxed e-con e-parent\" data-id=\"4c4c31d\" data-element_type=\"container\">\n\t\t\t\t\t<div class=\"e-con-inner\">\n\t\t<div class=\"elementor-element elementor-element-2839b58 e-con-full e-grid e-con e-child\" data-id=\"2839b58\" data-element_type=\"container\">\n\t\t<div class=\"elementor-element elementor-element-e061810 e-con-full e-flex e-con e-child\" data-id=\"e061810\" data-element_type=\"container\" data-settings=\"{&quot;background_background&quot;:&quot;classic&quot;}\">\n\t\t\t\t<div class=\"elementor-element elementor-element-f389ee7 elementor-widget elementor-widget-heading\" data-id=\"f389ee7\" data-element_type=\"widget\" data-widget_type=\"heading.default\">\n\t\t\t\t<div class=\"elementor-widget-container\">\n\t\t\t\t\t<h2 class=\"elementor-heading-title elementor-size-default\">Textile accessories<\/h2>\t\t\t\t<\/div>\n\t\t\t\t<\/div>\n\t\t\t\t<div class=\"elementor-element elementor-element-84bbff2 elementor-widget elementor-widget-text-editor\" data-id=\"84bbff2\" data-element_type=\"widget\" data-widget_type=\"text-editor.default\">\n\t\t\t\t<div class=\"elementor-widget-container\">\n\t\t\t\t\t\t\t\t\t<p>Small details make the difference<\/p>\t\t\t\t\t\t\t\t<\/div>\n\t\t\t\t<\/div>\n\t\t\t\t<\/div>\n\t\t<div class=\"elementor-element elementor-element-6e1c4a3 e-con-full e-flex e-con e-child\" data-id=\"6e1c4a3\" data-element_type=\"container\">\n\t\t\t\t<div class=\"elementor-element elementor-element-551a257 elementor-widget elementor-widget-image\" data-id=\"551a257\" data-element_type=\"widget\" data-widget_type=\"image.default\">\n\t\t\t\t<div class=\"elementor-widget-container\">\n\t\t\t\t\t\t\t\t\t\t\t\t\t\t\t<img fetchpriority=\"high\" decoding=\"async\" width=\"700\" height=\"512\" src=\"https:\/\/www.zanoni.es\/wp-content\/uploads\/2025\/04\/complementos-textiles.webp\" class=\"elementor-animation-grow attachment-full size-full wp-image-856\" alt=\"\" srcset=\"https:\/\/www.zanoni.es\/wp-content\/uploads\/2025\/04\/complementos-textiles.webp 700w, https:\/\/www.zanoni.es\/wp-content\/uploads\/2025\/04\/complementos-textiles-300x219.webp 300w\" sizes=\"(max-width: 700px) 100vw, 700px\" \/>\t\t\t\t\t\t\t\t\t\t\t\t\t\t\t<\/div>\n\t\t\t\t<\/div>\n\t\t\t\t<\/div>\n\t\t\t\t<\/div>\n\t\t<div class=\"elementor-element elementor-element-9602455 e-con-full e-grid e-con e-child\" data-id=\"9602455\" data-element_type=\"container\">\n\t\t<div class=\"elementor-element elementor-element-9be4f8b e-con-full e-flex e-con e-child\" data-id=\"9be4f8b\" data-element_type=\"container\" data-settings=\"{&quot;background_background&quot;:&quot;classic&quot;}\">\n\t\t\t\t<div class=\"elementor-element elementor-element-8d59650 elementor-widget elementor-widget-image\" data-id=\"8d59650\" data-element_type=\"widget\" data-widget_type=\"image.default\">\n\t\t\t\t<div class=\"elementor-widget-container\">\n\t\t\t\t\t\t\t\t\t\t\t\t\t\t\t<img decoding=\"async\" width=\"1000\" height=\"732\" src=\"https:\/\/www.zanoni.es\/wp-content\/uploads\/2025\/05\/zanoni-complementos-textiles-1.webp\" class=\"elementor-animation-grow attachment-full size-full wp-image-987\" alt=\"\" srcset=\"https:\/\/www.zanoni.es\/wp-content\/uploads\/2025\/05\/zanoni-complementos-textiles-1.webp 1000w, https:\/\/www.zanoni.es\/wp-content\/uploads\/2025\/05\/zanoni-complementos-textiles-1-300x220.webp 300w, https:\/\/www.zanoni.es\/wp-content\/uploads\/2025\/05\/zanoni-complementos-textiles-1-768x562.webp 768w\" sizes=\"(max-width: 1000px) 100vw, 1000px\" \/>\t\t\t\t\t\t\t\t\t\t\t\t\t\t\t<\/div>\n\t\t\t\t<\/div>\n\t\t\t\t<\/div>\n\t\t<div class=\"elementor-element elementor-element-0259ae2 e-con-full e-flex e-con e-child\" data-id=\"0259ae2\" data-element_type=\"container\">\n\t\t\t\t<div class=\"elementor-element elementor-element-58ad75a elementor-widget elementor-widget-image\" data-id=\"58ad75a\" data-element_type=\"widget\" data-widget_type=\"image.default\">\n\t\t\t\t<div class=\"elementor-widget-container\">\n\t\t\t\t\t\t\t\t\t\t\t\t\t\t\t<img decoding=\"async\" width=\"1000\" height=\"732\" src=\"https:\/\/www.zanoni.es\/wp-content\/uploads\/2025\/05\/zanoni-complementos-textiles-4.webp\" class=\"elementor-animation-grow attachment-full size-full wp-image-989\" alt=\"\" srcset=\"https:\/\/www.zanoni.es\/wp-content\/uploads\/2025\/05\/zanoni-complementos-textiles-4.webp 1000w, https:\/\/www.zanoni.es\/wp-content\/uploads\/2025\/05\/zanoni-complementos-textiles-4-300x220.webp 300w, https:\/\/www.zanoni.es\/wp-content\/uploads\/2025\/05\/zanoni-complementos-textiles-4-768x562.webp 768w\" sizes=\"(max-width: 1000px) 100vw, 1000px\" \/>\t\t\t\t\t\t\t\t\t\t\t\t\t\t\t<\/div>\n\t\t\t\t<\/div>\n\t\t\t\t<\/div>\n\t\t<div class=\"elementor-element elementor-element-dce2630 e-con-full e-flex e-con e-child\" data-id=\"dce2630\" data-element_type=\"container\">\n\t\t\t\t<div class=\"elementor-element elementor-element-e115d8c elementor-widget elementor-widget-text-editor\" data-id=\"e115d8c\" data-element_type=\"widget\" data-widget_type=\"text-editor.default\">\n\t\t\t\t<div class=\"elementor-widget-container\">\n\t\t\t\t\t\t\t\t\t<p>Our collection of high-quality cushions, throws, and textile accessories, like those from Missoni Home, complement and enhance any space. We also offer elegant bath and beach towels, perfect for those who appreciate sophistication in every detail.<\/p>\t\t\t\t\t\t\t\t<\/div>\n\t\t\t\t<\/div>\n\t\t\t\t<\/div>\n\t\t\t\t<\/div>\n\t\t\t\t\t<\/div>\n\t\t\t\t<\/div>\n\t\t<div class=\"elementor-element elementor-element-1952d81c e-flex e-con-boxed e-con e-parent\" data-id=\"1952d81c\" data-element_type=\"container\">\n\t\t\t\t\t<div class=\"e-con-inner\">\n\t\t<div class=\"elementor-element elementor-element-38ed9d66 e-con-full e-grid e-con e-child\" data-id=\"38ed9d66\" data-element_type=\"container\">\n\t\t\t\t<div class=\"elementor-element elementor-element-59725a26 elementor-widget elementor-widget-heading\" data-id=\"59725a26\" data-element_type=\"widget\" data-widget_type=\"heading.default\">\n\t\t\t\t<div class=\"elementor-widget-container\">\n\t\t\t\t\t<h2 class=\"elementor-heading-title elementor-size-default\">Our brands<\/h2>\t\t\t\t<\/div>\n\t\t\t\t<\/div>\n\t\t\t\t<\/div>\n\t\t<div class=\"elementor-element elementor-element-5110ae2f e-grid e-con-full e-con e-child\" data-id=\"5110ae2f\" data-element_type=\"container\">\n\t\t\t\t<div class=\"elementor-element elementor-element-161472ee elementor-widget elementor-widget-image\" data-id=\"161472ee\" data-element_type=\"widget\" data-widget_type=\"image.default\">\n\t\t\t\t<div class=\"elementor-widget-container\">\n\t\t\t\t\t\t\t\t\t\t\t\t\t\t\t<img loading=\"lazy\" decoding=\"async\" width=\"569\" height=\"569\" src=\"https:\/\/www.zanoni.es\/wp-content\/uploads\/2025\/05\/usm.svg\" class=\"attachment-large size-large wp-image-870\" alt=\"\" \/>\t\t\t\t\t\t\t\t\t\t\t\t\t\t\t<\/div>\n\t\t\t\t<\/div>\n\t\t\t\t<div class=\"elementor-element elementor-element-51ff67f1 elementor-widget elementor-widget-image\" data-id=\"51ff67f1\" data-element_type=\"widget\" data-widget_type=\"image.default\">\n\t\t\t\t<div class=\"elementor-widget-container\">\n\t\t\t\t\t\t\t\t\t\t\t\t\t\t\t<img loading=\"lazy\" decoding=\"async\" width=\"569\" height=\"569\" src=\"https:\/\/www.zanoni.es\/wp-content\/uploads\/2025\/05\/romo.svg\" class=\"attachment-large size-large wp-image-869\" alt=\"\" \/>\t\t\t\t\t\t\t\t\t\t\t\t\t\t\t<\/div>\n\t\t\t\t<\/div>\n\t\t\t\t<div class=\"elementor-element elementor-element-2f4e191b elementor-widget elementor-widget-image\" data-id=\"2f4e191b\" data-element_type=\"widget\" data-widget_type=\"image.default\">\n\t\t\t\t<div class=\"elementor-widget-container\">\n\t\t\t\t\t\t\t\t\t\t\t\t\t\t\t<img loading=\"lazy\" decoding=\"async\" width=\"569\" height=\"569\" src=\"https:\/\/www.zanoni.es\/wp-content\/uploads\/2025\/05\/ntradition.svg\" class=\"attachment-large size-large wp-image-868\" alt=\"\" \/>\t\t\t\t\t\t\t\t\t\t\t\t\t\t\t<\/div>\n\t\t\t\t<\/div>\n\t\t\t\t<div class=\"elementor-element elementor-element-1a4b7d9f elementor-widget elementor-widget-image\" data-id=\"1a4b7d9f\" data-element_type=\"widget\" data-widget_type=\"image.default\">\n\t\t\t\t<div class=\"elementor-widget-container\">\n\t\t\t\t\t\t\t\t\t\t\t\t\t\t\t<img loading=\"lazy\" decoding=\"async\" width=\"569\" height=\"569\" src=\"https:\/\/www.zanoni.es\/wp-content\/uploads\/2025\/05\/missoni.svg\" class=\"attachment-large size-large wp-image-867\" alt=\"\" \/>\t\t\t\t\t\t\t\t\t\t\t\t\t\t\t<\/div>\n\t\t\t\t<\/div>\n\t\t\t\t<div class=\"elementor-element elementor-element-5e29042d elementor-widget elementor-widget-image\" data-id=\"5e29042d\" data-element_type=\"widget\" data-widget_type=\"image.default\">\n\t\t\t\t<div class=\"elementor-widget-container\">\n\t\t\t\t\t\t\t\t\t\t\t\t\t\t\t<img loading=\"lazy\" decoding=\"async\" width=\"569\" height=\"569\" src=\"https:\/\/www.zanoni.es\/wp-content\/uploads\/2025\/05\/malingoetz.svg\" class=\"attachment-large size-large wp-image-866\" alt=\"\" \/>\t\t\t\t\t\t\t\t\t\t\t\t\t\t\t<\/div>\n\t\t\t\t<\/div>\n\t\t\t\t<div class=\"elementor-element elementor-element-7f4708fb elementor-widget elementor-widget-image\" data-id=\"7f4708fb\" data-element_type=\"widget\" data-widget_type=\"image.default\">\n\t\t\t\t<div class=\"elementor-widget-container\">\n\t\t\t\t\t\t\t\t\t\t\t\t\t\t\t<img loading=\"lazy\" decoding=\"async\" width=\"569\" height=\"569\" src=\"https:\/\/www.zanoni.es\/wp-content\/uploads\/2025\/05\/lladro.svg\" class=\"attachment-large size-large wp-image-865\" alt=\"\" \/>\t\t\t\t\t\t\t\t\t\t\t\t\t\t\t<\/div>\n\t\t\t\t<\/div>\n\t\t\t\t<div class=\"elementor-element elementor-element-41f76465 elementor-widget elementor-widget-image\" data-id=\"41f76465\" data-element_type=\"widget\" data-widget_type=\"image.default\">\n\t\t\t\t<div class=\"elementor-widget-container\">\n\t\t\t\t\t\t\t\t\t\t\t\t\t\t\t<img loading=\"lazy\" decoding=\"async\" width=\"569\" height=\"569\" src=\"https:\/\/www.zanoni.es\/wp-content\/uploads\/2025\/05\/fritz-hansen.svg\" class=\"attachment-large size-large wp-image-864\" alt=\"\" \/>\t\t\t\t\t\t\t\t\t\t\t\t\t\t\t<\/div>\n\t\t\t\t<\/div>\n\t\t\t\t<div class=\"elementor-element elementor-element-403dbcfd elementor-widget elementor-widget-image\" data-id=\"403dbcfd\" data-element_type=\"widget\" data-widget_type=\"image.default\">\n\t\t\t\t<div class=\"elementor-widget-container\">\n\t\t\t\t\t\t\t\t\t\t\t\t\t\t\t<img loading=\"lazy\" decoding=\"async\" width=\"569\" height=\"569\" src=\"https:\/\/www.zanoni.es\/wp-content\/uploads\/2025\/05\/ferreira-de-sa.svg\" class=\"attachment-large size-large wp-image-863\" alt=\"\" \/>\t\t\t\t\t\t\t\t\t\t\t\t\t\t\t<\/div>\n\t\t\t\t<\/div>\n\t\t\t\t<div class=\"elementor-element elementor-element-18308ca5 elementor-widget elementor-widget-image\" data-id=\"18308ca5\" data-element_type=\"widget\" data-widget_type=\"image.default\">\n\t\t\t\t<div class=\"elementor-widget-container\">\n\t\t\t\t\t\t\t\t\t\t\t\t\t\t\t<img loading=\"lazy\" decoding=\"async\" width=\"569\" height=\"569\" src=\"https:\/\/www.zanoni.es\/wp-content\/uploads\/2025\/05\/verges.svg\" class=\"attachment-large size-large wp-image-871\" alt=\"\" \/>\t\t\t\t\t\t\t\t\t\t\t\t\t\t\t<\/div>\n\t\t\t\t<\/div>\n\t\t\t\t<div class=\"elementor-element elementor-element-3909a689 elementor-widget elementor-widget-image\" data-id=\"3909a689\" data-element_type=\"widget\" data-widget_type=\"image.default\">\n\t\t\t\t<div class=\"elementor-widget-container\">\n\t\t\t\t\t\t\t\t\t\t\t\t\t\t\t<img loading=\"lazy\" decoding=\"async\" width=\"569\" height=\"569\" src=\"https:\/\/www.zanoni.es\/wp-content\/uploads\/2025\/05\/casamance.svg\" class=\"attachment-large size-large wp-image-862\" alt=\"\" \/>\t\t\t\t\t\t\t\t\t\t\t\t\t\t\t<\/div>\n\t\t\t\t<\/div>\n\t\t\t\t<div class=\"elementor-element elementor-element-6dacff3 elementor-widget elementor-widget-image\" data-id=\"6dacff3\" data-element_type=\"widget\" data-widget_type=\"image.default\">\n\t\t\t\t<div class=\"elementor-widget-container\">\n\t\t\t\t\t\t\t\t\t\t\t\t\t\t\t<img loading=\"lazy\" decoding=\"async\" width=\"569\" height=\"569\" src=\"https:\/\/www.zanoni.es\/wp-content\/uploads\/2025\/05\/casa-desus.svg\" class=\"attachment-large size-large wp-image-861\" alt=\"\" \/>\t\t\t\t\t\t\t\t\t\t\t\t\t\t\t<\/div>\n\t\t\t\t<\/div>\n\t\t\t\t<div class=\"elementor-element elementor-element-5600a4ac elementor-widget elementor-widget-image\" data-id=\"5600a4ac\" data-element_type=\"widget\" data-widget_type=\"image.default\">\n\t\t\t\t<div class=\"elementor-widget-container\">\n\t\t\t\t\t\t\t\t\t\t\t\t\t\t\t<img loading=\"lazy\" decoding=\"async\" width=\"569\" height=\"569\" src=\"https:\/\/www.zanoni.es\/wp-content\/uploads\/2025\/05\/bandalux.svg\" class=\"attachment-large size-large wp-image-860\" alt=\"\" \/>\t\t\t\t\t\t\t\t\t\t\t\t\t\t\t<\/div>\n\t\t\t\t<\/div>\n\t\t\t\t<\/div>\n\t\t\t\t\t<\/div>\n\t\t\t\t<\/div>\n\t\t\t\t<\/div>\n\t\t","protected":false},"excerpt":{"rendered":"<p>Textile accessories Small details make the difference Our collection of high-quality cushions, throws, and textile accessories, like those from Missoni Home, complement and enhance any space. We also offer elegant bath and beach towels, perfect for those who appreciate sophistication in every detail. Our brands<\/p>\n","protected":false},"author":2,"featured_media":0,"parent":0,"menu_order":0,"comment_status":"closed","ping_status":"closed","template":"elementor_theme","meta":{"footnotes":""},"class_list":["post-1003","page","type-page","status-publish","hentry"],"yoast_head":"<!-- This site is optimized with the Yoast SEO plugin v26.8 - https:\/\/yoast.com\/product\/yoast-seo-wordpress\/ -->\n<title>Textile accessories<\/title>\n<meta name=\"robots\" content=\"noindex, follow, max-snippet:-1, max-image-preview:large, max-video-preview:-1\" \/>\n<meta property=\"og:locale\" content=\"en_US\" \/>\n<meta property=\"og:type\" content=\"article\" \/>\n<meta property=\"og:title\" content=\"Textile accessories\" \/>\n<meta property=\"og:description\" content=\"Textile accessories Small details make the difference Our collection of high-quality cushions, throws, and textile accessories, like those from Missoni Home, complement and enhance any space. We also offer elegant bath and beach towels, perfect for those who appreciate sophistication in every detail. Our brands\" \/>\n<meta property=\"og:url\" content=\"https:\/\/www.zanoni.es\/en\/textile-accessories\/\" \/>\n<meta property=\"og:site_name\" content=\"ZANONI Sitges | Studio \/ Showroom \/ Store\" \/>\n<meta property=\"article:modified_time\" content=\"2025-06-10T09:59:54+00:00\" \/>\n<meta property=\"og:image\" content=\"https:\/\/www.zanoni.es\/wp-content\/uploads\/2025\/04\/complementos-textiles.webp\" \/>\n\t<meta property=\"og:image:width\" content=\"700\" \/>\n\t<meta property=\"og:image:height\" content=\"512\" \/>\n\t<meta property=\"og:image:type\" content=\"image\/webp\" \/>\n<meta name=\"twitter:card\" content=\"summary_large_image\" \/>\n<script type=\"application\/ld+json\" class=\"yoast-schema-graph\">{\"@context\":\"https:\/\/schema.org\",\"@graph\":[{\"@type\":\"WebPage\",\"@id\":\"https:\/\/www.zanoni.es\/en\/textile-accessories\/\",\"url\":\"https:\/\/www.zanoni.es\/en\/textile-accessories\/\",\"name\":\"Textile accessories\",\"isPartOf\":{\"@id\":\"https:\/\/www.zanoni.es\/#website\"},\"primaryImageOfPage\":{\"@id\":\"https:\/\/www.zanoni.es\/en\/textile-accessories\/#primaryimage\"},\"image\":{\"@id\":\"https:\/\/www.zanoni.es\/en\/textile-accessories\/#primaryimage\"},\"thumbnailUrl\":\"https:\/\/www.zanoni.es\/wp-content\/uploads\/2025\/04\/complementos-textiles.webp\",\"datePublished\":\"2025-05-02T12:46:45+00:00\",\"dateModified\":\"2025-06-10T09:59:54+00:00\",\"breadcrumb\":{\"@id\":\"https:\/\/www.zanoni.es\/en\/textile-accessories\/#breadcrumb\"},\"inLanguage\":\"en-US\",\"potentialAction\":[{\"@type\":\"ReadAction\",\"target\":[\"https:\/\/www.zanoni.es\/en\/textile-accessories\/\"]}]},{\"@type\":\"ImageObject\",\"inLanguage\":\"en-US\",\"@id\":\"https:\/\/www.zanoni.es\/en\/textile-accessories\/#primaryimage\",\"url\":\"https:\/\/www.zanoni.es\/wp-content\/uploads\/2025\/04\/complementos-textiles.webp\",\"contentUrl\":\"https:\/\/www.zanoni.es\/wp-content\/uploads\/2025\/04\/complementos-textiles.webp\"},{\"@type\":\"BreadcrumbList\",\"@id\":\"https:\/\/www.zanoni.es\/en\/textile-accessories\/#breadcrumb\",\"itemListElement\":[{\"@type\":\"ListItem\",\"position\":1,\"name\":\"Portada\",\"item\":\"https:\/\/www.zanoni.es\/\"},{\"@type\":\"ListItem\",\"position\":2,\"name\":\"Textile accessories\"}]},{\"@type\":\"WebSite\",\"@id\":\"https:\/\/www.zanoni.es\/#website\",\"url\":\"https:\/\/www.zanoni.es\/\",\"name\":\"ZANONI Sitges | Studio \/ Showroom \/ Store\",\"description\":\"Arquitectura de interiores, mobiliario e iluminaci\u00f3n, cortinas, papeles pintados y tapicer\u00eda, objetos de decoraci\u00f3n\",\"publisher\":{\"@id\":\"https:\/\/www.zanoni.es\/#organization\"},\"alternateName\":\"ZANONI\",\"potentialAction\":[{\"@type\":\"SearchAction\",\"target\":{\"@type\":\"EntryPoint\",\"urlTemplate\":\"https:\/\/www.zanoni.es\/?s={search_term_string}\"},\"query-input\":{\"@type\":\"PropertyValueSpecification\",\"valueRequired\":true,\"valueName\":\"search_term_string\"}}],\"inLanguage\":\"en-US\"},{\"@type\":\"Organization\",\"@id\":\"https:\/\/www.zanoni.es\/#organization\",\"name\":\"ZANONI Sitges\",\"alternateName\":\"ZANONI\",\"url\":\"https:\/\/www.zanoni.es\/\",\"logo\":{\"@type\":\"ImageObject\",\"inLanguage\":\"en-US\",\"@id\":\"https:\/\/www.zanoni.es\/#\/schema\/logo\/image\/\",\"url\":\"https:\/\/www.zanoni.es\/wp-content\/uploads\/2025\/04\/logo-512.png\",\"contentUrl\":\"https:\/\/www.zanoni.es\/wp-content\/uploads\/2025\/04\/logo-512.png\",\"width\":512,\"height\":512,\"caption\":\"ZANONI Sitges\"},\"image\":{\"@id\":\"https:\/\/www.zanoni.es\/#\/schema\/logo\/image\/\"}}]}<\/script>\n<!-- \/ Yoast SEO plugin. -->","yoast_head_json":{"title":"Textile accessories","robots":{"index":"noindex","follow":"follow","max-snippet":"max-snippet:-1","max-image-preview":"max-image-preview:large","max-video-preview":"max-video-preview:-1"},"og_locale":"en_US","og_type":"article","og_title":"Textile accessories","og_description":"Textile accessories Small details make the difference Our collection of high-quality cushions, throws, and textile accessories, like those from Missoni Home, complement and enhance any space. We also offer elegant bath and beach towels, perfect for those who appreciate sophistication in every detail. Our brands","og_url":"https:\/\/www.zanoni.es\/en\/textile-accessories\/","og_site_name":"ZANONI Sitges | Studio \/ Showroom \/ Store","article_modified_time":"2025-06-10T09:59:54+00:00","og_image":[{"width":700,"height":512,"url":"https:\/\/www.zanoni.es\/wp-content\/uploads\/2025\/04\/complementos-textiles.webp","type":"image\/webp"}],"twitter_card":"summary_large_image","schema":{"@context":"https:\/\/schema.org","@graph":[{"@type":"WebPage","@id":"https:\/\/www.zanoni.es\/en\/textile-accessories\/","url":"https:\/\/www.zanoni.es\/en\/textile-accessories\/","name":"Textile accessories","isPartOf":{"@id":"https:\/\/www.zanoni.es\/#website"},"primaryImageOfPage":{"@id":"https:\/\/www.zanoni.es\/en\/textile-accessories\/#primaryimage"},"image":{"@id":"https:\/\/www.zanoni.es\/en\/textile-accessories\/#primaryimage"},"thumbnailUrl":"https:\/\/www.zanoni.es\/wp-content\/uploads\/2025\/04\/complementos-textiles.webp","datePublished":"2025-05-02T12:46:45+00:00","dateModified":"2025-06-10T09:59:54+00:00","breadcrumb":{"@id":"https:\/\/www.zanoni.es\/en\/textile-accessories\/#breadcrumb"},"inLanguage":"en-US","potentialAction":[{"@type":"ReadAction","target":["https:\/\/www.zanoni.es\/en\/textile-accessories\/"]}]},{"@type":"ImageObject","inLanguage":"en-US","@id":"https:\/\/www.zanoni.es\/en\/textile-accessories\/#primaryimage","url":"https:\/\/www.zanoni.es\/wp-content\/uploads\/2025\/04\/complementos-textiles.webp","contentUrl":"https:\/\/www.zanoni.es\/wp-content\/uploads\/2025\/04\/complementos-textiles.webp"},{"@type":"BreadcrumbList","@id":"https:\/\/www.zanoni.es\/en\/textile-accessories\/#breadcrumb","itemListElement":[{"@type":"ListItem","position":1,"name":"Portada","item":"https:\/\/www.zanoni.es\/"},{"@type":"ListItem","position":2,"name":"Textile accessories"}]},{"@type":"WebSite","@id":"https:\/\/www.zanoni.es\/#website","url":"https:\/\/www.zanoni.es\/","name":"ZANONI Sitges | Studio \/ Showroom \/ Store","description":"Arquitectura de interiores, mobiliario e iluminaci\u00f3n, cortinas, papeles pintados y tapicer\u00eda, objetos de decoraci\u00f3n","publisher":{"@id":"https:\/\/www.zanoni.es\/#organization"},"alternateName":"ZANONI","potentialAction":[{"@type":"SearchAction","target":{"@type":"EntryPoint","urlTemplate":"https:\/\/www.zanoni.es\/?s={search_term_string}"},"query-input":{"@type":"PropertyValueSpecification","valueRequired":true,"valueName":"search_term_string"}}],"inLanguage":"en-US"},{"@type":"Organization","@id":"https:\/\/www.zanoni.es\/#organization","name":"ZANONI Sitges","alternateName":"ZANONI","url":"https:\/\/www.zanoni.es\/","logo":{"@type":"ImageObject","inLanguage":"en-US","@id":"https:\/\/www.zanoni.es\/#\/schema\/logo\/image\/","url":"https:\/\/www.zanoni.es\/wp-content\/uploads\/2025\/04\/logo-512.png","contentUrl":"https:\/\/www.zanoni.es\/wp-content\/uploads\/2025\/04\/logo-512.png","width":512,"height":512,"caption":"ZANONI Sitges"},"image":{"@id":"https:\/\/www.zanoni.es\/#\/schema\/logo\/image\/"}}]}},"_links":{"self":[{"href":"https:\/\/www.zanoni.es\/en\/wp-json\/wp\/v2\/pages\/1003","targetHints":{"allow":["GET"]}}],"collection":[{"href":"https:\/\/www.zanoni.es\/en\/wp-json\/wp\/v2\/pages"}],"about":[{"href":"https:\/\/www.zanoni.es\/en\/wp-json\/wp\/v2\/types\/page"}],"author":[{"embeddable":true,"href":"https:\/\/www.zanoni.es\/en\/wp-json\/wp\/v2\/users\/2"}],"replies":[{"embeddable":true,"href":"https:\/\/www.zanoni.es\/en\/wp-json\/wp\/v2\/comments?post=1003"}],"version-history":[{"count":1,"href":"https:\/\/www.zanoni.es\/en\/wp-json\/wp\/v2\/pages\/1003\/revisions"}],"predecessor-version":[{"id":1004,"href":"https:\/\/www.zanoni.es\/en\/wp-json\/wp\/v2\/pages\/1003\/revisions\/1004"}],"wp:attachment":[{"href":"https:\/\/www.zanoni.es\/en\/wp-json\/wp\/v2\/media?parent=1003"}],"curies":[{"name":"wp","href":"https:\/\/api.w.org\/{rel}","templated":true}]}}