{"id":1011,"date":"2025-05-05T19:43:27","date_gmt":"2025-05-05T17:43:27","guid":{"rendered":"https:\/\/www.zanoni.es\/outdoor-furniture\/"},"modified":"2025-06-10T12:04:18","modified_gmt":"2025-06-10T10:04:18","slug":"outdoor-furniture","status":"publish","type":"page","link":"https:\/\/www.zanoni.es\/en\/outdoor-furniture\/","title":{"rendered":"Outdoor furniture"},"content":{"rendered":"\t\t<div data-elementor-type=\"wp-page\" data-elementor-id=\"1011\" class=\"elementor elementor-1011 elementor-663\" data-elementor-post-type=\"page\">\n\t\t\t\t<div class=\"elementor-element elementor-element-680e987 e-flex e-con-boxed e-con e-parent\" data-id=\"680e987\" data-element_type=\"container\">\n\t\t\t\t\t<div class=\"e-con-inner\">\n\t\t<div class=\"elementor-element elementor-element-dd89003 e-con-full e-grid e-con e-child\" data-id=\"dd89003\" data-element_type=\"container\">\n\t\t<div class=\"elementor-element elementor-element-5b9be7d e-con-full e-flex e-con e-child\" data-id=\"5b9be7d\" data-element_type=\"container\" data-settings=\"{&quot;background_background&quot;:&quot;classic&quot;}\">\n\t\t\t\t<div class=\"elementor-element elementor-element-8671da0 elementor-widget elementor-widget-heading\" data-id=\"8671da0\" data-element_type=\"widget\" data-widget_type=\"heading.default\">\n\t\t\t\t<div class=\"elementor-widget-container\">\n\t\t\t\t\t<h2 class=\"elementor-heading-title elementor-size-default\">Outdoor furniture<\/h2>\t\t\t\t<\/div>\n\t\t\t\t<\/div>\n\t\t\t\t<div class=\"elementor-element elementor-element-3f9331c elementor-widget elementor-widget-text-editor\" data-id=\"3f9331c\" data-element_type=\"widget\" data-widget_type=\"text-editor.default\">\n\t\t\t\t<div class=\"elementor-widget-container\">\n\t\t\t\t\t\t\t\t\t<p>Your outdoor space can also feel like home<\/p>\t\t\t\t\t\t\t\t<\/div>\n\t\t\t\t<\/div>\n\t\t\t\t<\/div>\n\t\t<div class=\"elementor-element elementor-element-75d5439 e-con-full e-flex e-con e-child\" data-id=\"75d5439\" data-element_type=\"container\">\n\t\t\t\t<div class=\"elementor-element elementor-element-adf671c elementor-widget elementor-widget-image\" data-id=\"adf671c\" data-element_type=\"widget\" data-widget_type=\"image.default\">\n\t\t\t\t<div class=\"elementor-widget-container\">\n\t\t\t\t\t\t\t\t\t\t\t\t\t\t\t<img fetchpriority=\"high\" decoding=\"async\" width=\"700\" height=\"700\" src=\"https:\/\/www.zanoni.es\/wp-content\/uploads\/2025\/04\/mobiliario-2.webp\" class=\"elementor-animation-grow attachment-full size-full wp-image-845\" alt=\"\" srcset=\"https:\/\/www.zanoni.es\/wp-content\/uploads\/2025\/04\/mobiliario-2.webp 700w, https:\/\/www.zanoni.es\/wp-content\/uploads\/2025\/04\/mobiliario-2-300x300.webp 300w, https:\/\/www.zanoni.es\/wp-content\/uploads\/2025\/04\/mobiliario-2-150x150.webp 150w\" sizes=\"(max-width: 700px) 100vw, 700px\" \/>\t\t\t\t\t\t\t\t\t\t\t\t\t\t\t<\/div>\n\t\t\t\t<\/div>\n\t\t\t\t<\/div>\n\t\t\t\t<\/div>\n\t\t<div class=\"elementor-element elementor-element-4e39992 e-con-full e-grid e-con e-child\" data-id=\"4e39992\" data-element_type=\"container\">\n\t\t<div class=\"elementor-element elementor-element-ee470e1 e-con-full e-flex e-con e-child\" data-id=\"ee470e1\" data-element_type=\"container\" data-settings=\"{&quot;background_background&quot;:&quot;classic&quot;}\">\n\t\t\t\t<div class=\"elementor-element elementor-element-840cba4 elementor-widget elementor-widget-image\" data-id=\"840cba4\" data-element_type=\"widget\" data-widget_type=\"image.default\">\n\t\t\t\t<div class=\"elementor-widget-container\">\n\t\t\t\t\t\t\t\t\t\t\t\t\t\t\t<img decoding=\"async\" width=\"768\" height=\"1024\" src=\"https:\/\/www.zanoni.es\/wp-content\/uploads\/2025\/05\/zanoni-mobiliario-21.webp\" class=\"elementor-animation-grow attachment-full size-full wp-image-892\" alt=\"\" srcset=\"https:\/\/www.zanoni.es\/wp-content\/uploads\/2025\/05\/zanoni-mobiliario-21.webp 768w, https:\/\/www.zanoni.es\/wp-content\/uploads\/2025\/05\/zanoni-mobiliario-21-225x300.webp 225w\" sizes=\"(max-width: 768px) 100vw, 768px\" \/>\t\t\t\t\t\t\t\t\t\t\t\t\t\t\t<\/div>\n\t\t\t\t<\/div>\n\t\t\t\t<\/div>\n\t\t<div class=\"elementor-element elementor-element-b80ee9a e-con-full e-flex e-con e-child\" data-id=\"b80ee9a\" data-element_type=\"container\">\n\t\t\t\t<div class=\"elementor-element elementor-element-eac635a elementor-widget elementor-widget-image\" data-id=\"eac635a\" data-element_type=\"widget\" data-widget_type=\"image.default\">\n\t\t\t\t<div class=\"elementor-widget-container\">\n\t\t\t\t\t\t\t\t\t\t\t\t\t\t\t<img decoding=\"async\" width=\"768\" height=\"1075\" src=\"https:\/\/www.zanoni.es\/wp-content\/uploads\/2025\/05\/zanoni-mobiliario-8.webp\" class=\"elementor-animation-grow attachment-full size-full wp-image-879\" alt=\"\" srcset=\"https:\/\/www.zanoni.es\/wp-content\/uploads\/2025\/05\/zanoni-mobiliario-8.webp 768w, https:\/\/www.zanoni.es\/wp-content\/uploads\/2025\/05\/zanoni-mobiliario-8-214x300.webp 214w, https:\/\/www.zanoni.es\/wp-content\/uploads\/2025\/05\/zanoni-mobiliario-8-732x1024.webp 732w\" sizes=\"(max-width: 768px) 100vw, 768px\" \/>\t\t\t\t\t\t\t\t\t\t\t\t\t\t\t<\/div>\n\t\t\t\t<\/div>\n\t\t\t\t<\/div>\n\t\t<div class=\"elementor-element elementor-element-146bb68 e-con-full e-flex e-con e-child\" data-id=\"146bb68\" data-element_type=\"container\">\n\t\t\t\t<div class=\"elementor-element elementor-element-109eadd elementor-widget elementor-widget-text-editor\" data-id=\"109eadd\" data-element_type=\"widget\" data-widget_type=\"text-editor.default\">\n\t\t\t\t<div class=\"elementor-widget-container\">\n\t\t\t\t\t\t\t\t\t<p>At Zanoni, we help you find furniture that matches your interior style and also withstands the pace of the outdoors. Whether in the garden, on the terrace or by the pool, you will enjoy comfort and quality that lasts.<\/p>\t\t\t\t\t\t\t\t<\/div>\n\t\t\t\t<\/div>\n\t\t\t\t<\/div>\n\t\t\t\t<\/div>\n\t\t\t\t<div class=\"elementor-element elementor-element-8574150 elementor-widget elementor-widget-image-carousel\" data-id=\"8574150\" data-element_type=\"widget\" data-settings=\"{&quot;slides_to_show&quot;:&quot;3&quot;,&quot;slides_to_scroll&quot;:&quot;1&quot;,&quot;navigation&quot;:&quot;none&quot;,&quot;lazyload&quot;:&quot;yes&quot;,&quot;autoplay_speed&quot;:3000,&quot;image_spacing_custom&quot;:{&quot;unit&quot;:&quot;px&quot;,&quot;size&quot;:35,&quot;sizes&quot;:[]},&quot;autoplay&quot;:&quot;yes&quot;,&quot;infinite&quot;:&quot;yes&quot;,&quot;speed&quot;:500,&quot;image_spacing_custom_tablet&quot;:{&quot;unit&quot;:&quot;px&quot;,&quot;size&quot;:&quot;&quot;,&quot;sizes&quot;:[]},&quot;image_spacing_custom_mobile&quot;:{&quot;unit&quot;:&quot;px&quot;,&quot;size&quot;:&quot;&quot;,&quot;sizes&quot;:[]}}\" data-widget_type=\"image-carousel.default\">\n\t\t\t\t<div class=\"elementor-widget-container\">\n\t\t\t\t\t\t\t<div class=\"elementor-image-carousel-wrapper swiper\" role=\"region\" aria-roledescription=\"carousel\" aria-label=\"Carrusel de im\u00e1genes\" dir=\"ltr\">\n\t\t\t<div class=\"elementor-image-carousel swiper-wrapper\" aria-live=\"off\">\n\t\t\t\t\t\t\t\t<div class=\"swiper-slide\" role=\"group\" aria-roledescription=\"slide\" aria-label=\"1 of 3\"><figure class=\"swiper-slide-inner\"><img class=\"swiper-slide-image swiper-lazy\" data-src=\"https:\/\/www.zanoni.es\/wp-content\/uploads\/2025\/05\/zanoni-mobiliario-6.webp\" alt=\"zanoni-mobiliario-6\" \/><div class=\"swiper-lazy-preloader\"><\/div><\/figure><\/div><div class=\"swiper-slide\" role=\"group\" aria-roledescription=\"slide\" aria-label=\"2 of 3\"><figure class=\"swiper-slide-inner\"><img class=\"swiper-slide-image swiper-lazy\" data-src=\"https:\/\/www.zanoni.es\/wp-content\/uploads\/2025\/05\/zanoni-mobiliario-7.webp\" alt=\"zanoni-mobiliario-7\" \/><div class=\"swiper-lazy-preloader\"><\/div><\/figure><\/div><div class=\"swiper-slide\" role=\"group\" aria-roledescription=\"slide\" aria-label=\"3 of 3\"><figure class=\"swiper-slide-inner\"><img class=\"swiper-slide-image swiper-lazy\" data-src=\"https:\/\/www.zanoni.es\/wp-content\/uploads\/2025\/05\/zanoni-mobiliario-9.webp\" alt=\"zanoni-mobiliario-9\" \/><div class=\"swiper-lazy-preloader\"><\/div><\/figure><\/div>\t\t\t<\/div>\n\t\t\t\t\t\t\t\n\t\t\t\t\t\t\t\t\t<\/div>\n\t\t\t\t\t\t<\/div>\n\t\t\t\t<\/div>\n\t\t\t\t\t<\/div>\n\t\t\t\t<\/div>\n\t\t<div class=\"elementor-element elementor-element-2b9dcdc2 e-flex e-con-boxed e-con e-parent\" data-id=\"2b9dcdc2\" data-element_type=\"container\">\n\t\t\t\t\t<div class=\"e-con-inner\">\n\t\t<div class=\"elementor-element elementor-element-16eeabc4 e-con-full e-grid e-con e-child\" data-id=\"16eeabc4\" data-element_type=\"container\">\n\t\t\t\t<div class=\"elementor-element elementor-element-70a18caf elementor-widget elementor-widget-heading\" data-id=\"70a18caf\" data-element_type=\"widget\" data-widget_type=\"heading.default\">\n\t\t\t\t<div class=\"elementor-widget-container\">\n\t\t\t\t\t<h2 class=\"elementor-heading-title elementor-size-default\">Our brands<\/h2>\t\t\t\t<\/div>\n\t\t\t\t<\/div>\n\t\t\t\t<\/div>\n\t\t<div class=\"elementor-element elementor-element-12c3b072 e-grid e-con-full e-con e-child\" data-id=\"12c3b072\" data-element_type=\"container\">\n\t\t\t\t<div class=\"elementor-element elementor-element-454022f1 elementor-widget elementor-widget-image\" data-id=\"454022f1\" data-element_type=\"widget\" data-widget_type=\"image.default\">\n\t\t\t\t<div class=\"elementor-widget-container\">\n\t\t\t\t\t\t\t\t\t\t\t\t\t\t\t<img loading=\"lazy\" decoding=\"async\" width=\"569\" height=\"569\" src=\"https:\/\/www.zanoni.es\/wp-content\/uploads\/2025\/05\/usm.svg\" class=\"attachment-large size-large wp-image-870\" alt=\"\" \/>\t\t\t\t\t\t\t\t\t\t\t\t\t\t\t<\/div>\n\t\t\t\t<\/div>\n\t\t\t\t<div class=\"elementor-element elementor-element-1455e7c6 elementor-widget elementor-widget-image\" data-id=\"1455e7c6\" data-element_type=\"widget\" data-widget_type=\"image.default\">\n\t\t\t\t<div class=\"elementor-widget-container\">\n\t\t\t\t\t\t\t\t\t\t\t\t\t\t\t<img loading=\"lazy\" decoding=\"async\" width=\"569\" height=\"569\" src=\"https:\/\/www.zanoni.es\/wp-content\/uploads\/2025\/05\/romo.svg\" class=\"attachment-large size-large wp-image-869\" alt=\"\" \/>\t\t\t\t\t\t\t\t\t\t\t\t\t\t\t<\/div>\n\t\t\t\t<\/div>\n\t\t\t\t<div class=\"elementor-element elementor-element-50a83205 elementor-widget elementor-widget-image\" data-id=\"50a83205\" data-element_type=\"widget\" data-widget_type=\"image.default\">\n\t\t\t\t<div class=\"elementor-widget-container\">\n\t\t\t\t\t\t\t\t\t\t\t\t\t\t\t<img loading=\"lazy\" decoding=\"async\" width=\"569\" height=\"569\" src=\"https:\/\/www.zanoni.es\/wp-content\/uploads\/2025\/05\/ntradition.svg\" class=\"attachment-large size-large wp-image-868\" alt=\"\" \/>\t\t\t\t\t\t\t\t\t\t\t\t\t\t\t<\/div>\n\t\t\t\t<\/div>\n\t\t\t\t<div class=\"elementor-element elementor-element-548746d elementor-widget elementor-widget-image\" data-id=\"548746d\" data-element_type=\"widget\" data-widget_type=\"image.default\">\n\t\t\t\t<div class=\"elementor-widget-container\">\n\t\t\t\t\t\t\t\t\t\t\t\t\t\t\t<img loading=\"lazy\" decoding=\"async\" width=\"569\" height=\"569\" src=\"https:\/\/www.zanoni.es\/wp-content\/uploads\/2025\/05\/missoni.svg\" class=\"attachment-large size-large wp-image-867\" alt=\"\" \/>\t\t\t\t\t\t\t\t\t\t\t\t\t\t\t<\/div>\n\t\t\t\t<\/div>\n\t\t\t\t<div class=\"elementor-element elementor-element-23c88462 elementor-widget elementor-widget-image\" data-id=\"23c88462\" data-element_type=\"widget\" data-widget_type=\"image.default\">\n\t\t\t\t<div class=\"elementor-widget-container\">\n\t\t\t\t\t\t\t\t\t\t\t\t\t\t\t<img loading=\"lazy\" decoding=\"async\" width=\"569\" height=\"569\" src=\"https:\/\/www.zanoni.es\/wp-content\/uploads\/2025\/05\/malingoetz.svg\" class=\"attachment-large size-large wp-image-866\" alt=\"\" \/>\t\t\t\t\t\t\t\t\t\t\t\t\t\t\t<\/div>\n\t\t\t\t<\/div>\n\t\t\t\t<div class=\"elementor-element elementor-element-5878b6b3 elementor-widget elementor-widget-image\" data-id=\"5878b6b3\" data-element_type=\"widget\" data-widget_type=\"image.default\">\n\t\t\t\t<div class=\"elementor-widget-container\">\n\t\t\t\t\t\t\t\t\t\t\t\t\t\t\t<img loading=\"lazy\" decoding=\"async\" width=\"569\" height=\"569\" src=\"https:\/\/www.zanoni.es\/wp-content\/uploads\/2025\/05\/lladro.svg\" class=\"attachment-large size-large wp-image-865\" alt=\"\" \/>\t\t\t\t\t\t\t\t\t\t\t\t\t\t\t<\/div>\n\t\t\t\t<\/div>\n\t\t\t\t<div class=\"elementor-element elementor-element-22fb721f elementor-widget elementor-widget-image\" data-id=\"22fb721f\" data-element_type=\"widget\" data-widget_type=\"image.default\">\n\t\t\t\t<div class=\"elementor-widget-container\">\n\t\t\t\t\t\t\t\t\t\t\t\t\t\t\t<img loading=\"lazy\" decoding=\"async\" width=\"569\" height=\"569\" src=\"https:\/\/www.zanoni.es\/wp-content\/uploads\/2025\/05\/fritz-hansen.svg\" class=\"attachment-large size-large wp-image-864\" alt=\"\" \/>\t\t\t\t\t\t\t\t\t\t\t\t\t\t\t<\/div>\n\t\t\t\t<\/div>\n\t\t\t\t<div class=\"elementor-element elementor-element-54a4125 elementor-widget elementor-widget-image\" data-id=\"54a4125\" data-element_type=\"widget\" data-widget_type=\"image.default\">\n\t\t\t\t<div class=\"elementor-widget-container\">\n\t\t\t\t\t\t\t\t\t\t\t\t\t\t\t<img loading=\"lazy\" decoding=\"async\" width=\"569\" height=\"569\" src=\"https:\/\/www.zanoni.es\/wp-content\/uploads\/2025\/05\/ferreira-de-sa.svg\" class=\"attachment-large size-large wp-image-863\" alt=\"\" \/>\t\t\t\t\t\t\t\t\t\t\t\t\t\t\t<\/div>\n\t\t\t\t<\/div>\n\t\t\t\t<div class=\"elementor-element elementor-element-2346c1d7 elementor-widget elementor-widget-image\" data-id=\"2346c1d7\" data-element_type=\"widget\" data-widget_type=\"image.default\">\n\t\t\t\t<div class=\"elementor-widget-container\">\n\t\t\t\t\t\t\t\t\t\t\t\t\t\t\t<img loading=\"lazy\" decoding=\"async\" width=\"569\" height=\"569\" src=\"https:\/\/www.zanoni.es\/wp-content\/uploads\/2025\/05\/verges.svg\" class=\"attachment-large size-large wp-image-871\" alt=\"\" \/>\t\t\t\t\t\t\t\t\t\t\t\t\t\t\t<\/div>\n\t\t\t\t<\/div>\n\t\t\t\t<div class=\"elementor-element elementor-element-90ff9eb elementor-widget elementor-widget-image\" data-id=\"90ff9eb\" data-element_type=\"widget\" data-widget_type=\"image.default\">\n\t\t\t\t<div class=\"elementor-widget-container\">\n\t\t\t\t\t\t\t\t\t\t\t\t\t\t\t<img loading=\"lazy\" decoding=\"async\" width=\"569\" height=\"569\" src=\"https:\/\/www.zanoni.es\/wp-content\/uploads\/2025\/05\/casamance.svg\" class=\"attachment-large size-large wp-image-862\" alt=\"\" \/>\t\t\t\t\t\t\t\t\t\t\t\t\t\t\t<\/div>\n\t\t\t\t<\/div>\n\t\t\t\t<div class=\"elementor-element elementor-element-361db73b elementor-widget elementor-widget-image\" data-id=\"361db73b\" data-element_type=\"widget\" data-widget_type=\"image.default\">\n\t\t\t\t<div class=\"elementor-widget-container\">\n\t\t\t\t\t\t\t\t\t\t\t\t\t\t\t<img loading=\"lazy\" decoding=\"async\" width=\"569\" height=\"569\" src=\"https:\/\/www.zanoni.es\/wp-content\/uploads\/2025\/05\/casa-desus.svg\" class=\"attachment-large size-large wp-image-861\" alt=\"\" \/>\t\t\t\t\t\t\t\t\t\t\t\t\t\t\t<\/div>\n\t\t\t\t<\/div>\n\t\t\t\t<div class=\"elementor-element elementor-element-25a77a87 elementor-widget elementor-widget-image\" data-id=\"25a77a87\" data-element_type=\"widget\" data-widget_type=\"image.default\">\n\t\t\t\t<div class=\"elementor-widget-container\">\n\t\t\t\t\t\t\t\t\t\t\t\t\t\t\t<img loading=\"lazy\" decoding=\"async\" width=\"569\" height=\"569\" src=\"https:\/\/www.zanoni.es\/wp-content\/uploads\/2025\/05\/bandalux.svg\" class=\"attachment-large size-large wp-image-860\" alt=\"\" \/>\t\t\t\t\t\t\t\t\t\t\t\t\t\t\t<\/div>\n\t\t\t\t<\/div>\n\t\t\t\t<\/div>\n\t\t\t\t\t<\/div>\n\t\t\t\t<\/div>\n\t\t\t\t<\/div>\n\t\t","protected":false},"excerpt":{"rendered":"<p>Outdoor furniture Your outdoor space can also feel like home At Zanoni, we help you find furniture that matches your interior style and also withstands the pace of the outdoors. Whether in the garden, on the terrace or by the pool, you will enjoy comfort and quality that lasts. Our brands<\/p>\n","protected":false},"author":2,"featured_media":0,"parent":0,"menu_order":0,"comment_status":"closed","ping_status":"closed","template":"elementor_theme","meta":{"footnotes":""},"class_list":["post-1011","page","type-page","status-publish","hentry"],"yoast_head":"<!-- This site is optimized with the Yoast SEO plugin v26.8 - https:\/\/yoast.com\/product\/yoast-seo-wordpress\/ -->\n<title>Outdoor furniture<\/title>\n<meta name=\"robots\" content=\"noindex, follow, max-snippet:-1, max-image-preview:large, max-video-preview:-1\" \/>\n<meta property=\"og:locale\" content=\"en_US\" \/>\n<meta property=\"og:type\" content=\"article\" \/>\n<meta property=\"og:title\" content=\"Outdoor furniture\" \/>\n<meta property=\"og:description\" content=\"Outdoor furniture Your outdoor space can also feel like home At Zanoni, we help you find furniture that matches your interior style and also withstands the pace of the outdoors. Whether in the garden, on the terrace or by the pool, you will enjoy comfort and quality that lasts. Our brands\" \/>\n<meta property=\"og:url\" content=\"https:\/\/www.zanoni.es\/en\/outdoor-furniture\/\" \/>\n<meta property=\"og:site_name\" content=\"ZANONI Sitges | Studio \/ Showroom \/ Store\" \/>\n<meta property=\"article:modified_time\" content=\"2025-06-10T10:04:18+00:00\" \/>\n<meta property=\"og:image\" content=\"https:\/\/www.zanoni.es\/wp-content\/uploads\/2025\/04\/mobiliario-2.webp\" \/>\n\t<meta property=\"og:image:width\" content=\"700\" \/>\n\t<meta property=\"og:image:height\" content=\"700\" \/>\n\t<meta property=\"og:image:type\" content=\"image\/webp\" \/>\n<meta name=\"twitter:card\" content=\"summary_large_image\" \/>\n<script type=\"application\/ld+json\" class=\"yoast-schema-graph\">{\"@context\":\"https:\/\/schema.org\",\"@graph\":[{\"@type\":\"WebPage\",\"@id\":\"https:\/\/www.zanoni.es\/en\/outdoor-furniture\/\",\"url\":\"https:\/\/www.zanoni.es\/en\/outdoor-furniture\/\",\"name\":\"Outdoor furniture\",\"isPartOf\":{\"@id\":\"https:\/\/www.zanoni.es\/#website\"},\"primaryImageOfPage\":{\"@id\":\"https:\/\/www.zanoni.es\/en\/outdoor-furniture\/#primaryimage\"},\"image\":{\"@id\":\"https:\/\/www.zanoni.es\/en\/outdoor-furniture\/#primaryimage\"},\"thumbnailUrl\":\"https:\/\/www.zanoni.es\/wp-content\/uploads\/2025\/04\/mobiliario-2.webp\",\"datePublished\":\"2025-05-05T17:43:27+00:00\",\"dateModified\":\"2025-06-10T10:04:18+00:00\",\"breadcrumb\":{\"@id\":\"https:\/\/www.zanoni.es\/en\/outdoor-furniture\/#breadcrumb\"},\"inLanguage\":\"en-US\",\"potentialAction\":[{\"@type\":\"ReadAction\",\"target\":[\"https:\/\/www.zanoni.es\/en\/outdoor-furniture\/\"]}]},{\"@type\":\"ImageObject\",\"inLanguage\":\"en-US\",\"@id\":\"https:\/\/www.zanoni.es\/en\/outdoor-furniture\/#primaryimage\",\"url\":\"https:\/\/www.zanoni.es\/wp-content\/uploads\/2025\/04\/mobiliario-2.webp\",\"contentUrl\":\"https:\/\/www.zanoni.es\/wp-content\/uploads\/2025\/04\/mobiliario-2.webp\"},{\"@type\":\"BreadcrumbList\",\"@id\":\"https:\/\/www.zanoni.es\/en\/outdoor-furniture\/#breadcrumb\",\"itemListElement\":[{\"@type\":\"ListItem\",\"position\":1,\"name\":\"Portada\",\"item\":\"https:\/\/www.zanoni.es\/\"},{\"@type\":\"ListItem\",\"position\":2,\"name\":\"Outdoor furniture\"}]},{\"@type\":\"WebSite\",\"@id\":\"https:\/\/www.zanoni.es\/#website\",\"url\":\"https:\/\/www.zanoni.es\/\",\"name\":\"ZANONI Sitges | Studio \/ Showroom \/ Store\",\"description\":\"Arquitectura de interiores, mobiliario e iluminaci\u00f3n, cortinas, papeles pintados y tapicer\u00eda, objetos de decoraci\u00f3n\",\"publisher\":{\"@id\":\"https:\/\/www.zanoni.es\/#organization\"},\"alternateName\":\"ZANONI\",\"potentialAction\":[{\"@type\":\"SearchAction\",\"target\":{\"@type\":\"EntryPoint\",\"urlTemplate\":\"https:\/\/www.zanoni.es\/?s={search_term_string}\"},\"query-input\":{\"@type\":\"PropertyValueSpecification\",\"valueRequired\":true,\"valueName\":\"search_term_string\"}}],\"inLanguage\":\"en-US\"},{\"@type\":\"Organization\",\"@id\":\"https:\/\/www.zanoni.es\/#organization\",\"name\":\"ZANONI Sitges\",\"alternateName\":\"ZANONI\",\"url\":\"https:\/\/www.zanoni.es\/\",\"logo\":{\"@type\":\"ImageObject\",\"inLanguage\":\"en-US\",\"@id\":\"https:\/\/www.zanoni.es\/#\/schema\/logo\/image\/\",\"url\":\"https:\/\/www.zanoni.es\/wp-content\/uploads\/2025\/04\/logo-512.png\",\"contentUrl\":\"https:\/\/www.zanoni.es\/wp-content\/uploads\/2025\/04\/logo-512.png\",\"width\":512,\"height\":512,\"caption\":\"ZANONI Sitges\"},\"image\":{\"@id\":\"https:\/\/www.zanoni.es\/#\/schema\/logo\/image\/\"}}]}<\/script>\n<!-- \/ Yoast SEO plugin. -->","yoast_head_json":{"title":"Outdoor furniture","robots":{"index":"noindex","follow":"follow","max-snippet":"max-snippet:-1","max-image-preview":"max-image-preview:large","max-video-preview":"max-video-preview:-1"},"og_locale":"en_US","og_type":"article","og_title":"Outdoor furniture","og_description":"Outdoor furniture Your outdoor space can also feel like home At Zanoni, we help you find furniture that matches your interior style and also withstands the pace of the outdoors. Whether in the garden, on the terrace or by the pool, you will enjoy comfort and quality that lasts. Our brands","og_url":"https:\/\/www.zanoni.es\/en\/outdoor-furniture\/","og_site_name":"ZANONI Sitges | Studio \/ Showroom \/ Store","article_modified_time":"2025-06-10T10:04:18+00:00","og_image":[{"width":700,"height":700,"url":"https:\/\/www.zanoni.es\/wp-content\/uploads\/2025\/04\/mobiliario-2.webp","type":"image\/webp"}],"twitter_card":"summary_large_image","schema":{"@context":"https:\/\/schema.org","@graph":[{"@type":"WebPage","@id":"https:\/\/www.zanoni.es\/en\/outdoor-furniture\/","url":"https:\/\/www.zanoni.es\/en\/outdoor-furniture\/","name":"Outdoor furniture","isPartOf":{"@id":"https:\/\/www.zanoni.es\/#website"},"primaryImageOfPage":{"@id":"https:\/\/www.zanoni.es\/en\/outdoor-furniture\/#primaryimage"},"image":{"@id":"https:\/\/www.zanoni.es\/en\/outdoor-furniture\/#primaryimage"},"thumbnailUrl":"https:\/\/www.zanoni.es\/wp-content\/uploads\/2025\/04\/mobiliario-2.webp","datePublished":"2025-05-05T17:43:27+00:00","dateModified":"2025-06-10T10:04:18+00:00","breadcrumb":{"@id":"https:\/\/www.zanoni.es\/en\/outdoor-furniture\/#breadcrumb"},"inLanguage":"en-US","potentialAction":[{"@type":"ReadAction","target":["https:\/\/www.zanoni.es\/en\/outdoor-furniture\/"]}]},{"@type":"ImageObject","inLanguage":"en-US","@id":"https:\/\/www.zanoni.es\/en\/outdoor-furniture\/#primaryimage","url":"https:\/\/www.zanoni.es\/wp-content\/uploads\/2025\/04\/mobiliario-2.webp","contentUrl":"https:\/\/www.zanoni.es\/wp-content\/uploads\/2025\/04\/mobiliario-2.webp"},{"@type":"BreadcrumbList","@id":"https:\/\/www.zanoni.es\/en\/outdoor-furniture\/#breadcrumb","itemListElement":[{"@type":"ListItem","position":1,"name":"Portada","item":"https:\/\/www.zanoni.es\/"},{"@type":"ListItem","position":2,"name":"Outdoor furniture"}]},{"@type":"WebSite","@id":"https:\/\/www.zanoni.es\/#website","url":"https:\/\/www.zanoni.es\/","name":"ZANONI Sitges | Studio \/ Showroom \/ Store","description":"Arquitectura de interiores, mobiliario e iluminaci\u00f3n, cortinas, papeles pintados y tapicer\u00eda, objetos de decoraci\u00f3n","publisher":{"@id":"https:\/\/www.zanoni.es\/#organization"},"alternateName":"ZANONI","potentialAction":[{"@type":"SearchAction","target":{"@type":"EntryPoint","urlTemplate":"https:\/\/www.zanoni.es\/?s={search_term_string}"},"query-input":{"@type":"PropertyValueSpecification","valueRequired":true,"valueName":"search_term_string"}}],"inLanguage":"en-US"},{"@type":"Organization","@id":"https:\/\/www.zanoni.es\/#organization","name":"ZANONI Sitges","alternateName":"ZANONI","url":"https:\/\/www.zanoni.es\/","logo":{"@type":"ImageObject","inLanguage":"en-US","@id":"https:\/\/www.zanoni.es\/#\/schema\/logo\/image\/","url":"https:\/\/www.zanoni.es\/wp-content\/uploads\/2025\/04\/logo-512.png","contentUrl":"https:\/\/www.zanoni.es\/wp-content\/uploads\/2025\/04\/logo-512.png","width":512,"height":512,"caption":"ZANONI Sitges"},"image":{"@id":"https:\/\/www.zanoni.es\/#\/schema\/logo\/image\/"}}]}},"_links":{"self":[{"href":"https:\/\/www.zanoni.es\/en\/wp-json\/wp\/v2\/pages\/1011","targetHints":{"allow":["GET"]}}],"collection":[{"href":"https:\/\/www.zanoni.es\/en\/wp-json\/wp\/v2\/pages"}],"about":[{"href":"https:\/\/www.zanoni.es\/en\/wp-json\/wp\/v2\/types\/page"}],"author":[{"embeddable":true,"href":"https:\/\/www.zanoni.es\/en\/wp-json\/wp\/v2\/users\/2"}],"replies":[{"embeddable":true,"href":"https:\/\/www.zanoni.es\/en\/wp-json\/wp\/v2\/comments?post=1011"}],"version-history":[{"count":1,"href":"https:\/\/www.zanoni.es\/en\/wp-json\/wp\/v2\/pages\/1011\/revisions"}],"predecessor-version":[{"id":1012,"href":"https:\/\/www.zanoni.es\/en\/wp-json\/wp\/v2\/pages\/1011\/revisions\/1012"}],"wp:attachment":[{"href":"https:\/\/www.zanoni.es\/en\/wp-json\/wp\/v2\/media?parent=1011"}],"curies":[{"name":"wp","href":"https:\/\/api.w.org\/{rel}","templated":true}]}}