{"id":1015,"date":"2025-05-02T14:45:19","date_gmt":"2025-05-02T12:45:19","guid":{"rendered":"https:\/\/www.zanoni.es\/wallpapers\/"},"modified":"2025-06-10T12:05:26","modified_gmt":"2025-06-10T10:05:26","slug":"wallpapers","status":"publish","type":"page","link":"https:\/\/www.zanoni.es\/en\/wallpapers\/","title":{"rendered":"Wallpapers"},"content":{"rendered":"\t\t<div data-elementor-type=\"wp-page\" data-elementor-id=\"1015\" class=\"elementor elementor-1015 elementor-452\" data-elementor-post-type=\"page\">\n\t\t\t\t<div class=\"elementor-element elementor-element-d6267dd e-flex e-con-boxed e-con e-parent\" data-id=\"d6267dd\" data-element_type=\"container\">\n\t\t\t\t\t<div class=\"e-con-inner\">\n\t\t<div class=\"elementor-element elementor-element-39d2aa0 e-con-full e-grid e-con e-child\" data-id=\"39d2aa0\" data-element_type=\"container\">\n\t\t<div class=\"elementor-element elementor-element-19d7a1e e-con-full e-flex e-con e-child\" data-id=\"19d7a1e\" data-element_type=\"container\" data-settings=\"{&quot;background_background&quot;:&quot;classic&quot;}\">\n\t\t\t\t<div class=\"elementor-element elementor-element-6ad6509 elementor-widget elementor-widget-heading\" data-id=\"6ad6509\" data-element_type=\"widget\" data-widget_type=\"heading.default\">\n\t\t\t\t<div class=\"elementor-widget-container\">\n\t\t\t\t\t<h2 class=\"elementor-heading-title elementor-size-default\">Wallpapers<\/h2>\t\t\t\t<\/div>\n\t\t\t\t<\/div>\n\t\t\t\t<div class=\"elementor-element elementor-element-248df0a elementor-widget elementor-widget-text-editor\" data-id=\"248df0a\" data-element_type=\"widget\" data-widget_type=\"text-editor.default\">\n\t\t\t\t<div class=\"elementor-widget-container\">\n\t\t\t\t\t\t\t\t\t<p>Dress your walls with personality and elegance<\/p>\t\t\t\t\t\t\t\t<\/div>\n\t\t\t\t<\/div>\n\t\t\t\t<\/div>\n\t\t<div class=\"elementor-element elementor-element-9c85cda e-con-full e-flex e-con e-child\" data-id=\"9c85cda\" data-element_type=\"container\">\n\t\t\t\t<div class=\"elementor-element elementor-element-bb8ca00 elementor-widget elementor-widget-image\" data-id=\"bb8ca00\" data-element_type=\"widget\" data-widget_type=\"image.default\">\n\t\t\t\t<div class=\"elementor-widget-container\">\n\t\t\t\t\t\t\t\t\t\t\t\t\t\t\t<img fetchpriority=\"high\" decoding=\"async\" width=\"525\" height=\"700\" src=\"https:\/\/www.zanoni.es\/wp-content\/uploads\/2025\/04\/papeles-pintados.webp\" class=\"elementor-animation-grow attachment-full size-full wp-image-857\" alt=\"\" srcset=\"https:\/\/www.zanoni.es\/wp-content\/uploads\/2025\/04\/papeles-pintados.webp 525w, https:\/\/www.zanoni.es\/wp-content\/uploads\/2025\/04\/papeles-pintados-225x300.webp 225w\" sizes=\"(max-width: 525px) 100vw, 525px\" \/>\t\t\t\t\t\t\t\t\t\t\t\t\t\t\t<\/div>\n\t\t\t\t<\/div>\n\t\t\t\t<\/div>\n\t\t\t\t<\/div>\n\t\t<div class=\"elementor-element elementor-element-f48523a e-con-full e-grid e-con e-child\" data-id=\"f48523a\" data-element_type=\"container\">\n\t\t<div class=\"elementor-element elementor-element-05601a9 e-con-full e-flex e-con e-child\" data-id=\"05601a9\" data-element_type=\"container\" data-settings=\"{&quot;background_background&quot;:&quot;classic&quot;}\">\n\t\t\t\t<div class=\"elementor-element elementor-element-2fb591b elementor-widget elementor-widget-image\" data-id=\"2fb591b\" data-element_type=\"widget\" data-widget_type=\"image.default\">\n\t\t\t\t<div class=\"elementor-widget-container\">\n\t\t\t\t\t\t\t\t\t\t\t\t\t\t\t<img decoding=\"async\" width=\"607\" height=\"709\" src=\"https:\/\/www.zanoni.es\/wp-content\/uploads\/2025\/05\/zanoni-papeles-pintados-3.webp\" class=\"elementor-animation-grow attachment-full size-full wp-image-966\" alt=\"\" srcset=\"https:\/\/www.zanoni.es\/wp-content\/uploads\/2025\/05\/zanoni-papeles-pintados-3.webp 607w, https:\/\/www.zanoni.es\/wp-content\/uploads\/2025\/05\/zanoni-papeles-pintados-3-257x300.webp 257w\" sizes=\"(max-width: 607px) 100vw, 607px\" \/>\t\t\t\t\t\t\t\t\t\t\t\t\t\t\t<\/div>\n\t\t\t\t<\/div>\n\t\t\t\t<\/div>\n\t\t<div class=\"elementor-element elementor-element-477590d e-con-full e-flex e-con e-child\" data-id=\"477590d\" data-element_type=\"container\">\n\t\t\t\t<div class=\"elementor-element elementor-element-5dec5c6 elementor-widget elementor-widget-image\" data-id=\"5dec5c6\" data-element_type=\"widget\" data-widget_type=\"image.default\">\n\t\t\t\t<div class=\"elementor-widget-container\">\n\t\t\t\t\t\t\t\t\t\t\t\t\t\t\t<img decoding=\"async\" width=\"599\" height=\"732\" src=\"https:\/\/www.zanoni.es\/wp-content\/uploads\/2025\/05\/zanoni-papeles-pintados-10.webp\" class=\"elementor-animation-grow attachment-full size-full wp-image-973\" alt=\"\" srcset=\"https:\/\/www.zanoni.es\/wp-content\/uploads\/2025\/05\/zanoni-papeles-pintados-10.webp 599w, https:\/\/www.zanoni.es\/wp-content\/uploads\/2025\/05\/zanoni-papeles-pintados-10-245x300.webp 245w\" sizes=\"(max-width: 599px) 100vw, 599px\" \/>\t\t\t\t\t\t\t\t\t\t\t\t\t\t\t<\/div>\n\t\t\t\t<\/div>\n\t\t\t\t<\/div>\n\t\t<div class=\"elementor-element elementor-element-8e2f572 e-con-full e-flex e-con e-child\" data-id=\"8e2f572\" data-element_type=\"container\">\n\t\t\t\t<div class=\"elementor-element elementor-element-1ff7179 elementor-widget elementor-widget-text-editor\" data-id=\"1ff7179\" data-element_type=\"widget\" data-widget_type=\"text-editor.default\">\n\t\t\t\t<div class=\"elementor-widget-container\">\n\t\t\t\t\t\t\t\t\t<p>We offer an exclusive selection of brands such as Missoni Home, Romo, and Casamance. With our team&#8217;s advice, you&#8217;ll find the perfect wallpaper to bring life and character to your rooms.<\/p>\t\t\t\t\t\t\t\t<\/div>\n\t\t\t\t<\/div>\n\t\t\t\t<\/div>\n\t\t\t\t<\/div>\n\t\t\t\t<div class=\"elementor-element elementor-element-77e19fc elementor-widget elementor-widget-image-carousel\" data-id=\"77e19fc\" data-element_type=\"widget\" data-settings=\"{&quot;slides_to_show&quot;:&quot;4&quot;,&quot;slides_to_scroll&quot;:&quot;1&quot;,&quot;navigation&quot;:&quot;none&quot;,&quot;lazyload&quot;:&quot;yes&quot;,&quot;autoplay_speed&quot;:3000,&quot;image_spacing_custom&quot;:{&quot;unit&quot;:&quot;px&quot;,&quot;size&quot;:35,&quot;sizes&quot;:[]},&quot;autoplay&quot;:&quot;yes&quot;,&quot;infinite&quot;:&quot;yes&quot;,&quot;speed&quot;:500,&quot;image_spacing_custom_tablet&quot;:{&quot;unit&quot;:&quot;px&quot;,&quot;size&quot;:&quot;&quot;,&quot;sizes&quot;:[]},&quot;image_spacing_custom_mobile&quot;:{&quot;unit&quot;:&quot;px&quot;,&quot;size&quot;:&quot;&quot;,&quot;sizes&quot;:[]}}\" data-widget_type=\"image-carousel.default\">\n\t\t\t\t<div class=\"elementor-widget-container\">\n\t\t\t\t\t\t\t<div class=\"elementor-image-carousel-wrapper swiper\" role=\"region\" aria-roledescription=\"carousel\" aria-label=\"Carrusel de im\u00e1genes\" dir=\"ltr\">\n\t\t\t<div class=\"elementor-image-carousel swiper-wrapper\" aria-live=\"off\">\n\t\t\t\t\t\t\t\t<div class=\"swiper-slide\" role=\"group\" aria-roledescription=\"slide\" aria-label=\"1 of 9\"><figure class=\"swiper-slide-inner\"><img class=\"swiper-slide-image swiper-lazy\" data-src=\"https:\/\/www.zanoni.es\/wp-content\/uploads\/2025\/05\/zanoni-papeles-pintados-2.webp\" alt=\"zanoni-papeles-pintados-2\" \/><div class=\"swiper-lazy-preloader\"><\/div><\/figure><\/div><div class=\"swiper-slide\" role=\"group\" aria-roledescription=\"slide\" aria-label=\"2 of 9\"><figure class=\"swiper-slide-inner\"><img class=\"swiper-slide-image swiper-lazy\" data-src=\"https:\/\/www.zanoni.es\/wp-content\/uploads\/2025\/05\/zanoni-papeles-pintados-4.webp\" alt=\"zanoni-papeles-pintados-4\" \/><div class=\"swiper-lazy-preloader\"><\/div><\/figure><\/div><div class=\"swiper-slide\" role=\"group\" aria-roledescription=\"slide\" aria-label=\"3 of 9\"><figure class=\"swiper-slide-inner\"><img class=\"swiper-slide-image swiper-lazy\" data-src=\"https:\/\/www.zanoni.es\/wp-content\/uploads\/2025\/05\/zanoni-papeles-pintados-5.webp\" alt=\"zanoni-papeles-pintados-5\" \/><div class=\"swiper-lazy-preloader\"><\/div><\/figure><\/div><div class=\"swiper-slide\" role=\"group\" aria-roledescription=\"slide\" aria-label=\"4 of 9\"><figure class=\"swiper-slide-inner\"><img class=\"swiper-slide-image swiper-lazy\" data-src=\"https:\/\/www.zanoni.es\/wp-content\/uploads\/2025\/05\/zanoni-papeles-pintados-6.webp\" alt=\"zanoni-papeles-pintados-6\" \/><div class=\"swiper-lazy-preloader\"><\/div><\/figure><\/div><div class=\"swiper-slide\" role=\"group\" aria-roledescription=\"slide\" aria-label=\"5 of 9\"><figure class=\"swiper-slide-inner\"><img class=\"swiper-slide-image swiper-lazy\" data-src=\"https:\/\/www.zanoni.es\/wp-content\/uploads\/2025\/05\/zanoni-papeles-pintados-7.webp\" alt=\"zanoni-papeles-pintados-7\" \/><div class=\"swiper-lazy-preloader\"><\/div><\/figure><\/div><div class=\"swiper-slide\" role=\"group\" aria-roledescription=\"slide\" aria-label=\"6 of 9\"><figure class=\"swiper-slide-inner\"><img class=\"swiper-slide-image swiper-lazy\" data-src=\"https:\/\/www.zanoni.es\/wp-content\/uploads\/2025\/05\/zanoni-papeles-pintados-8.webp\" alt=\"zanoni-papeles-pintados-8\" \/><div class=\"swiper-lazy-preloader\"><\/div><\/figure><\/div><div class=\"swiper-slide\" role=\"group\" aria-roledescription=\"slide\" aria-label=\"7 of 9\"><figure class=\"swiper-slide-inner\"><img class=\"swiper-slide-image swiper-lazy\" data-src=\"https:\/\/www.zanoni.es\/wp-content\/uploads\/2025\/05\/zanoni-papeles-pintados-9.webp\" alt=\"zanoni-papeles-pintados-9\" \/><div class=\"swiper-lazy-preloader\"><\/div><\/figure><\/div><div class=\"swiper-slide\" role=\"group\" aria-roledescription=\"slide\" aria-label=\"8 of 9\"><figure class=\"swiper-slide-inner\"><img class=\"swiper-slide-image swiper-lazy\" data-src=\"https:\/\/www.zanoni.es\/wp-content\/uploads\/2025\/05\/zanoni-papeles-pintados-11.webp\" alt=\"zanoni-papeles-pintados-11\" \/><div class=\"swiper-lazy-preloader\"><\/div><\/figure><\/div><div class=\"swiper-slide\" role=\"group\" aria-roledescription=\"slide\" aria-label=\"9 of 9\"><figure class=\"swiper-slide-inner\"><img class=\"swiper-slide-image swiper-lazy\" data-src=\"https:\/\/www.zanoni.es\/wp-content\/uploads\/2025\/05\/zanoni-papeles-pintados-12.webp\" alt=\"zanoni-papeles-pintados-12\" \/><div class=\"swiper-lazy-preloader\"><\/div><\/figure><\/div>\t\t\t<\/div>\n\t\t\t\t\t\t\t\n\t\t\t\t\t\t\t\t\t<\/div>\n\t\t\t\t\t\t<\/div>\n\t\t\t\t<\/div>\n\t\t\t\t\t<\/div>\n\t\t\t\t<\/div>\n\t\t<div class=\"elementor-element elementor-element-2de9689d e-flex e-con-boxed e-con e-parent\" data-id=\"2de9689d\" data-element_type=\"container\">\n\t\t\t\t\t<div class=\"e-con-inner\">\n\t\t<div class=\"elementor-element elementor-element-f25d97b e-con-full e-grid e-con e-child\" data-id=\"f25d97b\" data-element_type=\"container\">\n\t\t\t\t<div class=\"elementor-element elementor-element-30db4e7f elementor-widget elementor-widget-heading\" data-id=\"30db4e7f\" data-element_type=\"widget\" data-widget_type=\"heading.default\">\n\t\t\t\t<div class=\"elementor-widget-container\">\n\t\t\t\t\t<h2 class=\"elementor-heading-title elementor-size-default\">Our brands<\/h2>\t\t\t\t<\/div>\n\t\t\t\t<\/div>\n\t\t\t\t<\/div>\n\t\t<div class=\"elementor-element elementor-element-22e8be20 e-grid e-con-full e-con e-child\" data-id=\"22e8be20\" data-element_type=\"container\">\n\t\t\t\t<div class=\"elementor-element elementor-element-59804a23 elementor-widget elementor-widget-image\" data-id=\"59804a23\" data-element_type=\"widget\" data-widget_type=\"image.default\">\n\t\t\t\t<div class=\"elementor-widget-container\">\n\t\t\t\t\t\t\t\t\t\t\t\t\t\t\t<img loading=\"lazy\" decoding=\"async\" width=\"569\" height=\"569\" src=\"https:\/\/www.zanoni.es\/wp-content\/uploads\/2025\/05\/usm.svg\" class=\"attachment-large size-large wp-image-870\" alt=\"\" \/>\t\t\t\t\t\t\t\t\t\t\t\t\t\t\t<\/div>\n\t\t\t\t<\/div>\n\t\t\t\t<div class=\"elementor-element elementor-element-5acc003 elementor-widget elementor-widget-image\" data-id=\"5acc003\" data-element_type=\"widget\" data-widget_type=\"image.default\">\n\t\t\t\t<div class=\"elementor-widget-container\">\n\t\t\t\t\t\t\t\t\t\t\t\t\t\t\t<img loading=\"lazy\" decoding=\"async\" width=\"569\" height=\"569\" src=\"https:\/\/www.zanoni.es\/wp-content\/uploads\/2025\/05\/romo.svg\" class=\"attachment-large size-large wp-image-869\" alt=\"\" \/>\t\t\t\t\t\t\t\t\t\t\t\t\t\t\t<\/div>\n\t\t\t\t<\/div>\n\t\t\t\t<div class=\"elementor-element elementor-element-496021e0 elementor-widget elementor-widget-image\" data-id=\"496021e0\" data-element_type=\"widget\" data-widget_type=\"image.default\">\n\t\t\t\t<div class=\"elementor-widget-container\">\n\t\t\t\t\t\t\t\t\t\t\t\t\t\t\t<img loading=\"lazy\" decoding=\"async\" width=\"569\" height=\"569\" src=\"https:\/\/www.zanoni.es\/wp-content\/uploads\/2025\/05\/ntradition.svg\" class=\"attachment-large size-large wp-image-868\" alt=\"\" \/>\t\t\t\t\t\t\t\t\t\t\t\t\t\t\t<\/div>\n\t\t\t\t<\/div>\n\t\t\t\t<div class=\"elementor-element elementor-element-76824a2a elementor-widget elementor-widget-image\" data-id=\"76824a2a\" data-element_type=\"widget\" data-widget_type=\"image.default\">\n\t\t\t\t<div class=\"elementor-widget-container\">\n\t\t\t\t\t\t\t\t\t\t\t\t\t\t\t<img loading=\"lazy\" decoding=\"async\" width=\"569\" height=\"569\" src=\"https:\/\/www.zanoni.es\/wp-content\/uploads\/2025\/05\/missoni.svg\" class=\"attachment-large size-large wp-image-867\" alt=\"\" \/>\t\t\t\t\t\t\t\t\t\t\t\t\t\t\t<\/div>\n\t\t\t\t<\/div>\n\t\t\t\t<div class=\"elementor-element elementor-element-7698a266 elementor-widget elementor-widget-image\" data-id=\"7698a266\" data-element_type=\"widget\" data-widget_type=\"image.default\">\n\t\t\t\t<div class=\"elementor-widget-container\">\n\t\t\t\t\t\t\t\t\t\t\t\t\t\t\t<img loading=\"lazy\" decoding=\"async\" width=\"569\" height=\"569\" src=\"https:\/\/www.zanoni.es\/wp-content\/uploads\/2025\/05\/malingoetz.svg\" class=\"attachment-large size-large wp-image-866\" alt=\"\" \/>\t\t\t\t\t\t\t\t\t\t\t\t\t\t\t<\/div>\n\t\t\t\t<\/div>\n\t\t\t\t<div class=\"elementor-element elementor-element-328d45b9 elementor-widget elementor-widget-image\" data-id=\"328d45b9\" data-element_type=\"widget\" data-widget_type=\"image.default\">\n\t\t\t\t<div class=\"elementor-widget-container\">\n\t\t\t\t\t\t\t\t\t\t\t\t\t\t\t<img loading=\"lazy\" decoding=\"async\" width=\"569\" height=\"569\" src=\"https:\/\/www.zanoni.es\/wp-content\/uploads\/2025\/05\/lladro.svg\" class=\"attachment-large size-large wp-image-865\" alt=\"\" \/>\t\t\t\t\t\t\t\t\t\t\t\t\t\t\t<\/div>\n\t\t\t\t<\/div>\n\t\t\t\t<div class=\"elementor-element elementor-element-12fa39b5 elementor-widget elementor-widget-image\" data-id=\"12fa39b5\" data-element_type=\"widget\" data-widget_type=\"image.default\">\n\t\t\t\t<div class=\"elementor-widget-container\">\n\t\t\t\t\t\t\t\t\t\t\t\t\t\t\t<img loading=\"lazy\" decoding=\"async\" width=\"569\" height=\"569\" src=\"https:\/\/www.zanoni.es\/wp-content\/uploads\/2025\/05\/fritz-hansen.svg\" class=\"attachment-large size-large wp-image-864\" alt=\"\" \/>\t\t\t\t\t\t\t\t\t\t\t\t\t\t\t<\/div>\n\t\t\t\t<\/div>\n\t\t\t\t<div class=\"elementor-element elementor-element-17684190 elementor-widget elementor-widget-image\" data-id=\"17684190\" data-element_type=\"widget\" data-widget_type=\"image.default\">\n\t\t\t\t<div class=\"elementor-widget-container\">\n\t\t\t\t\t\t\t\t\t\t\t\t\t\t\t<img loading=\"lazy\" decoding=\"async\" width=\"569\" height=\"569\" src=\"https:\/\/www.zanoni.es\/wp-content\/uploads\/2025\/05\/ferreira-de-sa.svg\" class=\"attachment-large size-large wp-image-863\" alt=\"\" \/>\t\t\t\t\t\t\t\t\t\t\t\t\t\t\t<\/div>\n\t\t\t\t<\/div>\n\t\t\t\t<div class=\"elementor-element elementor-element-79b9f2b5 elementor-widget elementor-widget-image\" data-id=\"79b9f2b5\" data-element_type=\"widget\" data-widget_type=\"image.default\">\n\t\t\t\t<div class=\"elementor-widget-container\">\n\t\t\t\t\t\t\t\t\t\t\t\t\t\t\t<img loading=\"lazy\" decoding=\"async\" width=\"569\" height=\"569\" src=\"https:\/\/www.zanoni.es\/wp-content\/uploads\/2025\/05\/verges.svg\" class=\"attachment-large size-large wp-image-871\" alt=\"\" \/>\t\t\t\t\t\t\t\t\t\t\t\t\t\t\t<\/div>\n\t\t\t\t<\/div>\n\t\t\t\t<div class=\"elementor-element elementor-element-1f4c11dd elementor-widget elementor-widget-image\" data-id=\"1f4c11dd\" data-element_type=\"widget\" data-widget_type=\"image.default\">\n\t\t\t\t<div class=\"elementor-widget-container\">\n\t\t\t\t\t\t\t\t\t\t\t\t\t\t\t<img loading=\"lazy\" decoding=\"async\" width=\"569\" height=\"569\" src=\"https:\/\/www.zanoni.es\/wp-content\/uploads\/2025\/05\/casamance.svg\" class=\"attachment-large size-large wp-image-862\" alt=\"\" \/>\t\t\t\t\t\t\t\t\t\t\t\t\t\t\t<\/div>\n\t\t\t\t<\/div>\n\t\t\t\t<div class=\"elementor-element elementor-element-314de93b elementor-widget elementor-widget-image\" data-id=\"314de93b\" data-element_type=\"widget\" data-widget_type=\"image.default\">\n\t\t\t\t<div class=\"elementor-widget-container\">\n\t\t\t\t\t\t\t\t\t\t\t\t\t\t\t<img loading=\"lazy\" decoding=\"async\" width=\"569\" height=\"569\" src=\"https:\/\/www.zanoni.es\/wp-content\/uploads\/2025\/05\/casa-desus.svg\" class=\"attachment-large size-large wp-image-861\" alt=\"\" \/>\t\t\t\t\t\t\t\t\t\t\t\t\t\t\t<\/div>\n\t\t\t\t<\/div>\n\t\t\t\t<div class=\"elementor-element elementor-element-4a33a5f2 elementor-widget elementor-widget-image\" data-id=\"4a33a5f2\" data-element_type=\"widget\" data-widget_type=\"image.default\">\n\t\t\t\t<div class=\"elementor-widget-container\">\n\t\t\t\t\t\t\t\t\t\t\t\t\t\t\t<img loading=\"lazy\" decoding=\"async\" width=\"569\" height=\"569\" src=\"https:\/\/www.zanoni.es\/wp-content\/uploads\/2025\/05\/bandalux.svg\" class=\"attachment-large size-large wp-image-860\" alt=\"\" \/>\t\t\t\t\t\t\t\t\t\t\t\t\t\t\t<\/div>\n\t\t\t\t<\/div>\n\t\t\t\t<\/div>\n\t\t\t\t\t<\/div>\n\t\t\t\t<\/div>\n\t\t\t\t<\/div>\n\t\t","protected":false},"excerpt":{"rendered":"<p>Wallpapers Dress your walls with personality and elegance We offer an exclusive selection of brands such as Missoni Home, Romo, and Casamance. With our team&#8217;s advice, you&#8217;ll find the perfect wallpaper to bring life and character to your rooms. Our brands<\/p>\n","protected":false},"author":2,"featured_media":0,"parent":0,"menu_order":0,"comment_status":"closed","ping_status":"closed","template":"elementor_theme","meta":{"footnotes":""},"class_list":["post-1015","page","type-page","status-publish","hentry"],"yoast_head":"<!-- This site is optimized with the Yoast SEO plugin v26.8 - https:\/\/yoast.com\/product\/yoast-seo-wordpress\/ -->\n<title>Wallpapers<\/title>\n<meta name=\"robots\" content=\"noindex, follow, max-snippet:-1, max-image-preview:large, max-video-preview:-1\" \/>\n<meta property=\"og:locale\" content=\"en_US\" \/>\n<meta property=\"og:type\" content=\"article\" \/>\n<meta property=\"og:title\" content=\"Wallpapers\" \/>\n<meta property=\"og:description\" content=\"Wallpapers Dress your walls with personality and elegance We offer an exclusive selection of brands such as Missoni Home, Romo, and Casamance. With our team&#8217;s advice, you&#8217;ll find the perfect wallpaper to bring life and character to your rooms. Our brands\" \/>\n<meta property=\"og:url\" content=\"https:\/\/www.zanoni.es\/en\/wallpapers\/\" \/>\n<meta property=\"og:site_name\" content=\"ZANONI Sitges | Studio \/ Showroom \/ Store\" \/>\n<meta property=\"article:modified_time\" content=\"2025-06-10T10:05:26+00:00\" \/>\n<meta property=\"og:image\" content=\"https:\/\/www.zanoni.es\/wp-content\/uploads\/2025\/04\/papeles-pintados.webp\" \/>\n\t<meta property=\"og:image:width\" content=\"525\" \/>\n\t<meta property=\"og:image:height\" content=\"700\" \/>\n\t<meta property=\"og:image:type\" content=\"image\/webp\" \/>\n<meta name=\"twitter:card\" content=\"summary_large_image\" \/>\n<script type=\"application\/ld+json\" class=\"yoast-schema-graph\">{\"@context\":\"https:\/\/schema.org\",\"@graph\":[{\"@type\":\"WebPage\",\"@id\":\"https:\/\/www.zanoni.es\/en\/wallpapers\/\",\"url\":\"https:\/\/www.zanoni.es\/en\/wallpapers\/\",\"name\":\"Wallpapers\",\"isPartOf\":{\"@id\":\"https:\/\/www.zanoni.es\/#website\"},\"primaryImageOfPage\":{\"@id\":\"https:\/\/www.zanoni.es\/en\/wallpapers\/#primaryimage\"},\"image\":{\"@id\":\"https:\/\/www.zanoni.es\/en\/wallpapers\/#primaryimage\"},\"thumbnailUrl\":\"https:\/\/www.zanoni.es\/wp-content\/uploads\/2025\/04\/papeles-pintados.webp\",\"datePublished\":\"2025-05-02T12:45:19+00:00\",\"dateModified\":\"2025-06-10T10:05:26+00:00\",\"breadcrumb\":{\"@id\":\"https:\/\/www.zanoni.es\/en\/wallpapers\/#breadcrumb\"},\"inLanguage\":\"en-US\",\"potentialAction\":[{\"@type\":\"ReadAction\",\"target\":[\"https:\/\/www.zanoni.es\/en\/wallpapers\/\"]}]},{\"@type\":\"ImageObject\",\"inLanguage\":\"en-US\",\"@id\":\"https:\/\/www.zanoni.es\/en\/wallpapers\/#primaryimage\",\"url\":\"https:\/\/www.zanoni.es\/wp-content\/uploads\/2025\/04\/papeles-pintados.webp\",\"contentUrl\":\"https:\/\/www.zanoni.es\/wp-content\/uploads\/2025\/04\/papeles-pintados.webp\"},{\"@type\":\"BreadcrumbList\",\"@id\":\"https:\/\/www.zanoni.es\/en\/wallpapers\/#breadcrumb\",\"itemListElement\":[{\"@type\":\"ListItem\",\"position\":1,\"name\":\"Portada\",\"item\":\"https:\/\/www.zanoni.es\/\"},{\"@type\":\"ListItem\",\"position\":2,\"name\":\"Wallpapers\"}]},{\"@type\":\"WebSite\",\"@id\":\"https:\/\/www.zanoni.es\/#website\",\"url\":\"https:\/\/www.zanoni.es\/\",\"name\":\"ZANONI Sitges | Studio \/ Showroom \/ Store\",\"description\":\"Arquitectura de interiores, mobiliario e iluminaci\u00f3n, cortinas, papeles pintados y tapicer\u00eda, objetos de decoraci\u00f3n\",\"publisher\":{\"@id\":\"https:\/\/www.zanoni.es\/#organization\"},\"alternateName\":\"ZANONI\",\"potentialAction\":[{\"@type\":\"SearchAction\",\"target\":{\"@type\":\"EntryPoint\",\"urlTemplate\":\"https:\/\/www.zanoni.es\/?s={search_term_string}\"},\"query-input\":{\"@type\":\"PropertyValueSpecification\",\"valueRequired\":true,\"valueName\":\"search_term_string\"}}],\"inLanguage\":\"en-US\"},{\"@type\":\"Organization\",\"@id\":\"https:\/\/www.zanoni.es\/#organization\",\"name\":\"ZANONI Sitges\",\"alternateName\":\"ZANONI\",\"url\":\"https:\/\/www.zanoni.es\/\",\"logo\":{\"@type\":\"ImageObject\",\"inLanguage\":\"en-US\",\"@id\":\"https:\/\/www.zanoni.es\/#\/schema\/logo\/image\/\",\"url\":\"https:\/\/www.zanoni.es\/wp-content\/uploads\/2025\/04\/logo-512.png\",\"contentUrl\":\"https:\/\/www.zanoni.es\/wp-content\/uploads\/2025\/04\/logo-512.png\",\"width\":512,\"height\":512,\"caption\":\"ZANONI Sitges\"},\"image\":{\"@id\":\"https:\/\/www.zanoni.es\/#\/schema\/logo\/image\/\"}}]}<\/script>\n<!-- \/ Yoast SEO plugin. -->","yoast_head_json":{"title":"Wallpapers","robots":{"index":"noindex","follow":"follow","max-snippet":"max-snippet:-1","max-image-preview":"max-image-preview:large","max-video-preview":"max-video-preview:-1"},"og_locale":"en_US","og_type":"article","og_title":"Wallpapers","og_description":"Wallpapers Dress your walls with personality and elegance We offer an exclusive selection of brands such as Missoni Home, Romo, and Casamance. With our team&#8217;s advice, you&#8217;ll find the perfect wallpaper to bring life and character to your rooms. Our brands","og_url":"https:\/\/www.zanoni.es\/en\/wallpapers\/","og_site_name":"ZANONI Sitges | Studio \/ Showroom \/ Store","article_modified_time":"2025-06-10T10:05:26+00:00","og_image":[{"width":525,"height":700,"url":"https:\/\/www.zanoni.es\/wp-content\/uploads\/2025\/04\/papeles-pintados.webp","type":"image\/webp"}],"twitter_card":"summary_large_image","schema":{"@context":"https:\/\/schema.org","@graph":[{"@type":"WebPage","@id":"https:\/\/www.zanoni.es\/en\/wallpapers\/","url":"https:\/\/www.zanoni.es\/en\/wallpapers\/","name":"Wallpapers","isPartOf":{"@id":"https:\/\/www.zanoni.es\/#website"},"primaryImageOfPage":{"@id":"https:\/\/www.zanoni.es\/en\/wallpapers\/#primaryimage"},"image":{"@id":"https:\/\/www.zanoni.es\/en\/wallpapers\/#primaryimage"},"thumbnailUrl":"https:\/\/www.zanoni.es\/wp-content\/uploads\/2025\/04\/papeles-pintados.webp","datePublished":"2025-05-02T12:45:19+00:00","dateModified":"2025-06-10T10:05:26+00:00","breadcrumb":{"@id":"https:\/\/www.zanoni.es\/en\/wallpapers\/#breadcrumb"},"inLanguage":"en-US","potentialAction":[{"@type":"ReadAction","target":["https:\/\/www.zanoni.es\/en\/wallpapers\/"]}]},{"@type":"ImageObject","inLanguage":"en-US","@id":"https:\/\/www.zanoni.es\/en\/wallpapers\/#primaryimage","url":"https:\/\/www.zanoni.es\/wp-content\/uploads\/2025\/04\/papeles-pintados.webp","contentUrl":"https:\/\/www.zanoni.es\/wp-content\/uploads\/2025\/04\/papeles-pintados.webp"},{"@type":"BreadcrumbList","@id":"https:\/\/www.zanoni.es\/en\/wallpapers\/#breadcrumb","itemListElement":[{"@type":"ListItem","position":1,"name":"Portada","item":"https:\/\/www.zanoni.es\/"},{"@type":"ListItem","position":2,"name":"Wallpapers"}]},{"@type":"WebSite","@id":"https:\/\/www.zanoni.es\/#website","url":"https:\/\/www.zanoni.es\/","name":"ZANONI Sitges | Studio \/ Showroom \/ Store","description":"Arquitectura de interiores, mobiliario e iluminaci\u00f3n, cortinas, papeles pintados y tapicer\u00eda, objetos de decoraci\u00f3n","publisher":{"@id":"https:\/\/www.zanoni.es\/#organization"},"alternateName":"ZANONI","potentialAction":[{"@type":"SearchAction","target":{"@type":"EntryPoint","urlTemplate":"https:\/\/www.zanoni.es\/?s={search_term_string}"},"query-input":{"@type":"PropertyValueSpecification","valueRequired":true,"valueName":"search_term_string"}}],"inLanguage":"en-US"},{"@type":"Organization","@id":"https:\/\/www.zanoni.es\/#organization","name":"ZANONI Sitges","alternateName":"ZANONI","url":"https:\/\/www.zanoni.es\/","logo":{"@type":"ImageObject","inLanguage":"en-US","@id":"https:\/\/www.zanoni.es\/#\/schema\/logo\/image\/","url":"https:\/\/www.zanoni.es\/wp-content\/uploads\/2025\/04\/logo-512.png","contentUrl":"https:\/\/www.zanoni.es\/wp-content\/uploads\/2025\/04\/logo-512.png","width":512,"height":512,"caption":"ZANONI Sitges"},"image":{"@id":"https:\/\/www.zanoni.es\/#\/schema\/logo\/image\/"}}]}},"_links":{"self":[{"href":"https:\/\/www.zanoni.es\/en\/wp-json\/wp\/v2\/pages\/1015","targetHints":{"allow":["GET"]}}],"collection":[{"href":"https:\/\/www.zanoni.es\/en\/wp-json\/wp\/v2\/pages"}],"about":[{"href":"https:\/\/www.zanoni.es\/en\/wp-json\/wp\/v2\/types\/page"}],"author":[{"embeddable":true,"href":"https:\/\/www.zanoni.es\/en\/wp-json\/wp\/v2\/users\/2"}],"replies":[{"embeddable":true,"href":"https:\/\/www.zanoni.es\/en\/wp-json\/wp\/v2\/comments?post=1015"}],"version-history":[{"count":1,"href":"https:\/\/www.zanoni.es\/en\/wp-json\/wp\/v2\/pages\/1015\/revisions"}],"predecessor-version":[{"id":1016,"href":"https:\/\/www.zanoni.es\/en\/wp-json\/wp\/v2\/pages\/1015\/revisions\/1016"}],"wp:attachment":[{"href":"https:\/\/www.zanoni.es\/en\/wp-json\/wp\/v2\/media?parent=1015"}],"curies":[{"name":"wp","href":"https:\/\/api.w.org\/{rel}","templated":true}]}}