{"id":1017,"date":"2025-05-02T14:47:25","date_gmt":"2025-05-02T12:47:25","guid":{"rendered":"https:\/\/www.zanoni.es\/indoor-candles-and-perfumes\/"},"modified":"2025-06-10T12:07:59","modified_gmt":"2025-06-10T10:07:59","slug":"indoor-candles-and-perfumes","status":"publish","type":"page","link":"https:\/\/www.zanoni.es\/en\/indoor-candles-and-perfumes\/","title":{"rendered":"Indoor candles and perfumes"},"content":{"rendered":"\t\t<div data-elementor-type=\"wp-page\" data-elementor-id=\"1017\" class=\"elementor elementor-1017 elementor-467\" data-elementor-post-type=\"page\">\n\t\t\t\t<div class=\"elementor-element elementor-element-97b188b e-flex e-con-boxed e-con e-parent\" data-id=\"97b188b\" data-element_type=\"container\">\n\t\t\t\t\t<div class=\"e-con-inner\">\n\t\t<div class=\"elementor-element elementor-element-e2afafc e-con-full e-grid e-con e-child\" data-id=\"e2afafc\" data-element_type=\"container\">\n\t\t<div class=\"elementor-element elementor-element-dbca315 e-con-full e-flex e-con e-child\" data-id=\"dbca315\" data-element_type=\"container\" data-settings=\"{&quot;background_background&quot;:&quot;classic&quot;}\">\n\t\t\t\t<div class=\"elementor-element elementor-element-a0b0833 elementor-widget elementor-widget-heading\" data-id=\"a0b0833\" data-element_type=\"widget\" data-widget_type=\"heading.default\">\n\t\t\t\t<div class=\"elementor-widget-container\">\n\t\t\t\t\t<h2 class=\"elementor-heading-title elementor-size-default\">Candles and perfumes<\/h2>\t\t\t\t<\/div>\n\t\t\t\t<\/div>\n\t\t\t\t<div class=\"elementor-element elementor-element-06fcccf elementor-widget elementor-widget-text-editor\" data-id=\"06fcccf\" data-element_type=\"widget\" data-widget_type=\"text-editor.default\">\n\t\t\t\t<div class=\"elementor-widget-container\">\n\t\t\t\t\t\t\t\t\t<p>Let yourself be seduced by the exclusive collection of candles and interior perfumes<\/p>\t\t\t\t\t\t\t\t<\/div>\n\t\t\t\t<\/div>\n\t\t\t\t<\/div>\n\t\t<div class=\"elementor-element elementor-element-eebe7c9 e-con-full e-flex e-con e-child\" data-id=\"eebe7c9\" data-element_type=\"container\">\n\t\t\t\t<div class=\"elementor-element elementor-element-a2b9749 elementor-widget elementor-widget-image\" data-id=\"a2b9749\" data-element_type=\"widget\" data-widget_type=\"image.default\">\n\t\t\t\t<div class=\"elementor-widget-container\">\n\t\t\t\t\t\t\t\t\t\t\t\t\t\t\t<img fetchpriority=\"high\" decoding=\"async\" width=\"700\" height=\"467\" src=\"https:\/\/www.zanoni.es\/wp-content\/uploads\/2025\/04\/velas-perfumes.webp\" class=\"elementor-animation-grow attachment-full size-full wp-image-858\" alt=\"\" srcset=\"https:\/\/www.zanoni.es\/wp-content\/uploads\/2025\/04\/velas-perfumes.webp 700w, https:\/\/www.zanoni.es\/wp-content\/uploads\/2025\/04\/velas-perfumes-300x200.webp 300w\" sizes=\"(max-width: 700px) 100vw, 700px\" \/>\t\t\t\t\t\t\t\t\t\t\t\t\t\t\t<\/div>\n\t\t\t\t<\/div>\n\t\t\t\t<\/div>\n\t\t\t\t<\/div>\n\t\t<div class=\"elementor-element elementor-element-ba009be e-con-full e-grid e-con e-child\" data-id=\"ba009be\" data-element_type=\"container\">\n\t\t<div class=\"elementor-element elementor-element-c1f377b e-con-full e-flex e-con e-child\" data-id=\"c1f377b\" data-element_type=\"container\" data-settings=\"{&quot;background_background&quot;:&quot;classic&quot;}\">\n\t\t\t\t<div class=\"elementor-element elementor-element-978bbbd elementor-widget elementor-widget-image\" data-id=\"978bbbd\" data-element_type=\"widget\" data-widget_type=\"image.default\">\n\t\t\t\t<div class=\"elementor-widget-container\">\n\t\t\t\t\t\t\t\t\t\t\t\t\t\t\t<img decoding=\"async\" width=\"768\" height=\"960\" src=\"https:\/\/www.zanoni.es\/wp-content\/uploads\/2025\/05\/zanoni-velas-y-perfumes-de-interior-5.webp\" class=\"elementor-animation-grow attachment-full size-full wp-image-994\" alt=\"\" srcset=\"https:\/\/www.zanoni.es\/wp-content\/uploads\/2025\/05\/zanoni-velas-y-perfumes-de-interior-5.webp 768w, https:\/\/www.zanoni.es\/wp-content\/uploads\/2025\/05\/zanoni-velas-y-perfumes-de-interior-5-240x300.webp 240w\" sizes=\"(max-width: 768px) 100vw, 768px\" \/>\t\t\t\t\t\t\t\t\t\t\t\t\t\t\t<\/div>\n\t\t\t\t<\/div>\n\t\t\t\t<\/div>\n\t\t<div class=\"elementor-element elementor-element-57e9f20 e-con-full e-flex e-con e-child\" data-id=\"57e9f20\" data-element_type=\"container\">\n\t\t\t\t<div class=\"elementor-element elementor-element-67d5974 elementor-widget elementor-widget-image\" data-id=\"67d5974\" data-element_type=\"widget\" data-widget_type=\"image.default\">\n\t\t\t\t<div class=\"elementor-widget-container\">\n\t\t\t\t\t\t\t\t\t\t\t\t\t\t\t<img decoding=\"async\" width=\"1000\" height=\"714\" src=\"https:\/\/www.zanoni.es\/wp-content\/uploads\/2025\/05\/zanoni-velas-y-perfumes-de-interior-4.webp\" class=\"elementor-animation-grow attachment-full size-full wp-image-993\" alt=\"\" srcset=\"https:\/\/www.zanoni.es\/wp-content\/uploads\/2025\/05\/zanoni-velas-y-perfumes-de-interior-4.webp 1000w, https:\/\/www.zanoni.es\/wp-content\/uploads\/2025\/05\/zanoni-velas-y-perfumes-de-interior-4-300x214.webp 300w, https:\/\/www.zanoni.es\/wp-content\/uploads\/2025\/05\/zanoni-velas-y-perfumes-de-interior-4-768x548.webp 768w\" sizes=\"(max-width: 1000px) 100vw, 1000px\" \/>\t\t\t\t\t\t\t\t\t\t\t\t\t\t\t<\/div>\n\t\t\t\t<\/div>\n\t\t\t\t<\/div>\n\t\t<div class=\"elementor-element elementor-element-7199f68 e-con-full e-flex e-con e-child\" data-id=\"7199f68\" data-element_type=\"container\">\n\t\t\t\t<div class=\"elementor-element elementor-element-77e19cc elementor-widget elementor-widget-text-editor\" data-id=\"77e19cc\" data-element_type=\"widget\" data-widget_type=\"text-editor.default\">\n\t\t\t\t<div class=\"elementor-widget-container\">\n\t\t\t\t\t\t\t\t\t<p>Malin &amp; Goetz, a New York firm renowned for its unique scents. Surprise yourself with unexpected aromas like tomato, cannabis, or bergamot, in addition to essential personal care kits. An exclusive offering in Sitges, only at Zanoni.<\/p>\t\t\t\t\t\t\t\t<\/div>\n\t\t\t\t<\/div>\n\t\t\t\t<\/div>\n\t\t\t\t<\/div>\n\t\t\t\t<div class=\"elementor-element elementor-element-bfd6ff7 elementor-widget elementor-widget-image-carousel\" data-id=\"bfd6ff7\" data-element_type=\"widget\" data-settings=\"{&quot;slides_to_show&quot;:&quot;3&quot;,&quot;slides_to_scroll&quot;:&quot;1&quot;,&quot;navigation&quot;:&quot;none&quot;,&quot;lazyload&quot;:&quot;yes&quot;,&quot;autoplay_speed&quot;:3000,&quot;image_spacing_custom&quot;:{&quot;unit&quot;:&quot;px&quot;,&quot;size&quot;:35,&quot;sizes&quot;:[]},&quot;autoplay&quot;:&quot;yes&quot;,&quot;infinite&quot;:&quot;yes&quot;,&quot;speed&quot;:500,&quot;image_spacing_custom_tablet&quot;:{&quot;unit&quot;:&quot;px&quot;,&quot;size&quot;:&quot;&quot;,&quot;sizes&quot;:[]},&quot;image_spacing_custom_mobile&quot;:{&quot;unit&quot;:&quot;px&quot;,&quot;size&quot;:&quot;&quot;,&quot;sizes&quot;:[]}}\" data-widget_type=\"image-carousel.default\">\n\t\t\t\t<div class=\"elementor-widget-container\">\n\t\t\t\t\t\t\t<div class=\"elementor-image-carousel-wrapper swiper\" role=\"region\" aria-roledescription=\"carousel\" aria-label=\"Carrusel de im\u00e1genes\" dir=\"ltr\">\n\t\t\t<div class=\"elementor-image-carousel swiper-wrapper\" aria-live=\"off\">\n\t\t\t\t\t\t\t\t<div class=\"swiper-slide\" role=\"group\" aria-roledescription=\"slide\" aria-label=\"1 of 3\"><figure class=\"swiper-slide-inner\"><img class=\"swiper-slide-image swiper-lazy\" data-src=\"https:\/\/www.zanoni.es\/wp-content\/uploads\/2025\/05\/zanoni-velas-y-perfumes-de-interior-1.webp\" alt=\"zanoni-velas-y-perfumes-de-interior-1\" \/><div class=\"swiper-lazy-preloader\"><\/div><\/figure><\/div><div class=\"swiper-slide\" role=\"group\" aria-roledescription=\"slide\" aria-label=\"2 of 3\"><figure class=\"swiper-slide-inner\"><img class=\"swiper-slide-image swiper-lazy\" data-src=\"https:\/\/www.zanoni.es\/wp-content\/uploads\/2025\/05\/zanoni-velas-y-perfumes-de-interior-2.webp\" alt=\"zanoni-velas-y-perfumes-de-interior-2\" \/><div class=\"swiper-lazy-preloader\"><\/div><\/figure><\/div><div class=\"swiper-slide\" role=\"group\" aria-roledescription=\"slide\" aria-label=\"3 of 3\"><figure class=\"swiper-slide-inner\"><img class=\"swiper-slide-image swiper-lazy\" data-src=\"https:\/\/www.zanoni.es\/wp-content\/uploads\/2025\/05\/zanoni-velas-y-perfumes-de-interior-3.webp\" alt=\"zanoni-velas-y-perfumes-de-interior-3\" \/><div class=\"swiper-lazy-preloader\"><\/div><\/figure><\/div>\t\t\t<\/div>\n\t\t\t\t\t\t\t\n\t\t\t\t\t\t\t\t\t<\/div>\n\t\t\t\t\t\t<\/div>\n\t\t\t\t<\/div>\n\t\t\t\t\t<\/div>\n\t\t\t\t<\/div>\n\t\t<div class=\"elementor-element elementor-element-63bdb0c8 e-flex e-con-boxed e-con e-parent\" data-id=\"63bdb0c8\" data-element_type=\"container\">\n\t\t\t\t\t<div class=\"e-con-inner\">\n\t\t<div class=\"elementor-element elementor-element-6216d65b e-con-full e-grid e-con e-child\" data-id=\"6216d65b\" data-element_type=\"container\">\n\t\t\t\t<div class=\"elementor-element elementor-element-48f48c2f elementor-widget elementor-widget-heading\" data-id=\"48f48c2f\" data-element_type=\"widget\" data-widget_type=\"heading.default\">\n\t\t\t\t<div class=\"elementor-widget-container\">\n\t\t\t\t\t<h2 class=\"elementor-heading-title elementor-size-default\">Our brands<\/h2>\t\t\t\t<\/div>\n\t\t\t\t<\/div>\n\t\t\t\t<\/div>\n\t\t<div class=\"elementor-element elementor-element-1784f32e e-grid e-con-full e-con e-child\" data-id=\"1784f32e\" data-element_type=\"container\">\n\t\t\t\t<div class=\"elementor-element elementor-element-1f83b11e elementor-widget elementor-widget-image\" data-id=\"1f83b11e\" data-element_type=\"widget\" data-widget_type=\"image.default\">\n\t\t\t\t<div class=\"elementor-widget-container\">\n\t\t\t\t\t\t\t\t\t\t\t\t\t\t\t<img loading=\"lazy\" decoding=\"async\" width=\"569\" height=\"569\" src=\"https:\/\/www.zanoni.es\/wp-content\/uploads\/2025\/05\/usm.svg\" class=\"attachment-large size-large wp-image-870\" alt=\"\" \/>\t\t\t\t\t\t\t\t\t\t\t\t\t\t\t<\/div>\n\t\t\t\t<\/div>\n\t\t\t\t<div class=\"elementor-element elementor-element-75f6a5ec elementor-widget elementor-widget-image\" data-id=\"75f6a5ec\" data-element_type=\"widget\" data-widget_type=\"image.default\">\n\t\t\t\t<div class=\"elementor-widget-container\">\n\t\t\t\t\t\t\t\t\t\t\t\t\t\t\t<img loading=\"lazy\" decoding=\"async\" width=\"569\" height=\"569\" src=\"https:\/\/www.zanoni.es\/wp-content\/uploads\/2025\/05\/romo.svg\" class=\"attachment-large size-large wp-image-869\" alt=\"\" \/>\t\t\t\t\t\t\t\t\t\t\t\t\t\t\t<\/div>\n\t\t\t\t<\/div>\n\t\t\t\t<div class=\"elementor-element elementor-element-4f51e471 elementor-widget elementor-widget-image\" data-id=\"4f51e471\" data-element_type=\"widget\" data-widget_type=\"image.default\">\n\t\t\t\t<div class=\"elementor-widget-container\">\n\t\t\t\t\t\t\t\t\t\t\t\t\t\t\t<img loading=\"lazy\" decoding=\"async\" width=\"569\" height=\"569\" src=\"https:\/\/www.zanoni.es\/wp-content\/uploads\/2025\/05\/ntradition.svg\" class=\"attachment-large size-large wp-image-868\" alt=\"\" \/>\t\t\t\t\t\t\t\t\t\t\t\t\t\t\t<\/div>\n\t\t\t\t<\/div>\n\t\t\t\t<div class=\"elementor-element elementor-element-5c5fe592 elementor-widget elementor-widget-image\" data-id=\"5c5fe592\" data-element_type=\"widget\" data-widget_type=\"image.default\">\n\t\t\t\t<div class=\"elementor-widget-container\">\n\t\t\t\t\t\t\t\t\t\t\t\t\t\t\t<img loading=\"lazy\" decoding=\"async\" width=\"569\" height=\"569\" src=\"https:\/\/www.zanoni.es\/wp-content\/uploads\/2025\/05\/missoni.svg\" class=\"attachment-large size-large wp-image-867\" alt=\"\" \/>\t\t\t\t\t\t\t\t\t\t\t\t\t\t\t<\/div>\n\t\t\t\t<\/div>\n\t\t\t\t<div class=\"elementor-element elementor-element-527cea6a elementor-widget elementor-widget-image\" data-id=\"527cea6a\" data-element_type=\"widget\" data-widget_type=\"image.default\">\n\t\t\t\t<div class=\"elementor-widget-container\">\n\t\t\t\t\t\t\t\t\t\t\t\t\t\t\t<img loading=\"lazy\" decoding=\"async\" width=\"569\" height=\"569\" src=\"https:\/\/www.zanoni.es\/wp-content\/uploads\/2025\/05\/malingoetz.svg\" class=\"attachment-large size-large wp-image-866\" alt=\"\" \/>\t\t\t\t\t\t\t\t\t\t\t\t\t\t\t<\/div>\n\t\t\t\t<\/div>\n\t\t\t\t<div class=\"elementor-element elementor-element-6c35f29d elementor-widget elementor-widget-image\" data-id=\"6c35f29d\" data-element_type=\"widget\" data-widget_type=\"image.default\">\n\t\t\t\t<div class=\"elementor-widget-container\">\n\t\t\t\t\t\t\t\t\t\t\t\t\t\t\t<img loading=\"lazy\" decoding=\"async\" width=\"569\" height=\"569\" src=\"https:\/\/www.zanoni.es\/wp-content\/uploads\/2025\/05\/lladro.svg\" class=\"attachment-large size-large wp-image-865\" alt=\"\" \/>\t\t\t\t\t\t\t\t\t\t\t\t\t\t\t<\/div>\n\t\t\t\t<\/div>\n\t\t\t\t<div class=\"elementor-element elementor-element-18af8191 elementor-widget elementor-widget-image\" data-id=\"18af8191\" data-element_type=\"widget\" data-widget_type=\"image.default\">\n\t\t\t\t<div class=\"elementor-widget-container\">\n\t\t\t\t\t\t\t\t\t\t\t\t\t\t\t<img loading=\"lazy\" decoding=\"async\" width=\"569\" height=\"569\" src=\"https:\/\/www.zanoni.es\/wp-content\/uploads\/2025\/05\/fritz-hansen.svg\" class=\"attachment-large size-large wp-image-864\" alt=\"\" \/>\t\t\t\t\t\t\t\t\t\t\t\t\t\t\t<\/div>\n\t\t\t\t<\/div>\n\t\t\t\t<div class=\"elementor-element elementor-element-45b84656 elementor-widget elementor-widget-image\" data-id=\"45b84656\" data-element_type=\"widget\" data-widget_type=\"image.default\">\n\t\t\t\t<div class=\"elementor-widget-container\">\n\t\t\t\t\t\t\t\t\t\t\t\t\t\t\t<img loading=\"lazy\" decoding=\"async\" width=\"569\" height=\"569\" src=\"https:\/\/www.zanoni.es\/wp-content\/uploads\/2025\/05\/ferreira-de-sa.svg\" class=\"attachment-large size-large wp-image-863\" alt=\"\" \/>\t\t\t\t\t\t\t\t\t\t\t\t\t\t\t<\/div>\n\t\t\t\t<\/div>\n\t\t\t\t<div class=\"elementor-element elementor-element-6db36e42 elementor-widget elementor-widget-image\" data-id=\"6db36e42\" data-element_type=\"widget\" data-widget_type=\"image.default\">\n\t\t\t\t<div class=\"elementor-widget-container\">\n\t\t\t\t\t\t\t\t\t\t\t\t\t\t\t<img loading=\"lazy\" decoding=\"async\" width=\"569\" height=\"569\" src=\"https:\/\/www.zanoni.es\/wp-content\/uploads\/2025\/05\/verges.svg\" class=\"attachment-large size-large wp-image-871\" alt=\"\" \/>\t\t\t\t\t\t\t\t\t\t\t\t\t\t\t<\/div>\n\t\t\t\t<\/div>\n\t\t\t\t<div class=\"elementor-element elementor-element-14d6a990 elementor-widget elementor-widget-image\" data-id=\"14d6a990\" data-element_type=\"widget\" data-widget_type=\"image.default\">\n\t\t\t\t<div class=\"elementor-widget-container\">\n\t\t\t\t\t\t\t\t\t\t\t\t\t\t\t<img loading=\"lazy\" decoding=\"async\" width=\"569\" height=\"569\" src=\"https:\/\/www.zanoni.es\/wp-content\/uploads\/2025\/05\/casamance.svg\" class=\"attachment-large size-large wp-image-862\" alt=\"\" \/>\t\t\t\t\t\t\t\t\t\t\t\t\t\t\t<\/div>\n\t\t\t\t<\/div>\n\t\t\t\t<div class=\"elementor-element elementor-element-26836cff elementor-widget elementor-widget-image\" data-id=\"26836cff\" data-element_type=\"widget\" data-widget_type=\"image.default\">\n\t\t\t\t<div class=\"elementor-widget-container\">\n\t\t\t\t\t\t\t\t\t\t\t\t\t\t\t<img loading=\"lazy\" decoding=\"async\" width=\"569\" height=\"569\" src=\"https:\/\/www.zanoni.es\/wp-content\/uploads\/2025\/05\/casa-desus.svg\" class=\"attachment-large size-large wp-image-861\" alt=\"\" \/>\t\t\t\t\t\t\t\t\t\t\t\t\t\t\t<\/div>\n\t\t\t\t<\/div>\n\t\t\t\t<div class=\"elementor-element elementor-element-1ce665da elementor-widget elementor-widget-image\" data-id=\"1ce665da\" data-element_type=\"widget\" data-widget_type=\"image.default\">\n\t\t\t\t<div class=\"elementor-widget-container\">\n\t\t\t\t\t\t\t\t\t\t\t\t\t\t\t<img loading=\"lazy\" decoding=\"async\" width=\"569\" height=\"569\" src=\"https:\/\/www.zanoni.es\/wp-content\/uploads\/2025\/05\/bandalux.svg\" class=\"attachment-large size-large wp-image-860\" alt=\"\" \/>\t\t\t\t\t\t\t\t\t\t\t\t\t\t\t<\/div>\n\t\t\t\t<\/div>\n\t\t\t\t<\/div>\n\t\t\t\t\t<\/div>\n\t\t\t\t<\/div>\n\t\t\t\t<\/div>\n\t\t","protected":false},"excerpt":{"rendered":"<p>Candles and perfumes Let yourself be seduced by the exclusive collection of candles and interior perfumes Malin &amp; Goetz, a New York firm renowned for its unique scents. Surprise yourself with unexpected aromas like tomato, cannabis, or bergamot, in addition to essential personal care kits. An exclusive offering in Sitges, only at Zanoni. Our brands<\/p>\n","protected":false},"author":2,"featured_media":0,"parent":0,"menu_order":0,"comment_status":"closed","ping_status":"closed","template":"elementor_theme","meta":{"footnotes":""},"class_list":["post-1017","page","type-page","status-publish","hentry"],"yoast_head":"<!-- This site is optimized with the Yoast SEO plugin v26.8 - https:\/\/yoast.com\/product\/yoast-seo-wordpress\/ -->\n<title>Indoor candles and perfumes<\/title>\n<meta name=\"robots\" content=\"noindex, follow, max-snippet:-1, max-image-preview:large, max-video-preview:-1\" \/>\n<meta property=\"og:locale\" content=\"en_US\" \/>\n<meta property=\"og:type\" content=\"article\" \/>\n<meta property=\"og:title\" content=\"Indoor candles and perfumes\" \/>\n<meta property=\"og:description\" content=\"Candles and perfumes Let yourself be seduced by the exclusive collection of candles and interior perfumes Malin &amp; Goetz, a New York firm renowned for its unique scents. Surprise yourself with unexpected aromas like tomato, cannabis, or bergamot, in addition to essential personal care kits. An exclusive offering in Sitges, only at Zanoni. Our brands\" \/>\n<meta property=\"og:url\" content=\"https:\/\/www.zanoni.es\/en\/indoor-candles-and-perfumes\/\" \/>\n<meta property=\"og:site_name\" content=\"ZANONI Sitges | Studio \/ Showroom \/ Store\" \/>\n<meta property=\"article:modified_time\" content=\"2025-06-10T10:07:59+00:00\" \/>\n<meta property=\"og:image\" content=\"https:\/\/www.zanoni.es\/wp-content\/uploads\/2025\/04\/velas-perfumes.webp\" \/>\n\t<meta property=\"og:image:width\" content=\"700\" \/>\n\t<meta property=\"og:image:height\" content=\"467\" \/>\n\t<meta property=\"og:image:type\" content=\"image\/webp\" \/>\n<meta name=\"twitter:card\" content=\"summary_large_image\" \/>\n<script type=\"application\/ld+json\" class=\"yoast-schema-graph\">{\"@context\":\"https:\/\/schema.org\",\"@graph\":[{\"@type\":\"WebPage\",\"@id\":\"https:\/\/www.zanoni.es\/en\/indoor-candles-and-perfumes\/\",\"url\":\"https:\/\/www.zanoni.es\/en\/indoor-candles-and-perfumes\/\",\"name\":\"Indoor candles and perfumes\",\"isPartOf\":{\"@id\":\"https:\/\/www.zanoni.es\/#website\"},\"primaryImageOfPage\":{\"@id\":\"https:\/\/www.zanoni.es\/en\/indoor-candles-and-perfumes\/#primaryimage\"},\"image\":{\"@id\":\"https:\/\/www.zanoni.es\/en\/indoor-candles-and-perfumes\/#primaryimage\"},\"thumbnailUrl\":\"https:\/\/www.zanoni.es\/wp-content\/uploads\/2025\/04\/velas-perfumes.webp\",\"datePublished\":\"2025-05-02T12:47:25+00:00\",\"dateModified\":\"2025-06-10T10:07:59+00:00\",\"breadcrumb\":{\"@id\":\"https:\/\/www.zanoni.es\/en\/indoor-candles-and-perfumes\/#breadcrumb\"},\"inLanguage\":\"en-US\",\"potentialAction\":[{\"@type\":\"ReadAction\",\"target\":[\"https:\/\/www.zanoni.es\/en\/indoor-candles-and-perfumes\/\"]}]},{\"@type\":\"ImageObject\",\"inLanguage\":\"en-US\",\"@id\":\"https:\/\/www.zanoni.es\/en\/indoor-candles-and-perfumes\/#primaryimage\",\"url\":\"https:\/\/www.zanoni.es\/wp-content\/uploads\/2025\/04\/velas-perfumes.webp\",\"contentUrl\":\"https:\/\/www.zanoni.es\/wp-content\/uploads\/2025\/04\/velas-perfumes.webp\"},{\"@type\":\"BreadcrumbList\",\"@id\":\"https:\/\/www.zanoni.es\/en\/indoor-candles-and-perfumes\/#breadcrumb\",\"itemListElement\":[{\"@type\":\"ListItem\",\"position\":1,\"name\":\"Portada\",\"item\":\"https:\/\/www.zanoni.es\/\"},{\"@type\":\"ListItem\",\"position\":2,\"name\":\"Indoor candles and perfumes\"}]},{\"@type\":\"WebSite\",\"@id\":\"https:\/\/www.zanoni.es\/#website\",\"url\":\"https:\/\/www.zanoni.es\/\",\"name\":\"ZANONI Sitges | Studio \/ Showroom \/ Store\",\"description\":\"Arquitectura de interiores, mobiliario e iluminaci\u00f3n, cortinas, papeles pintados y tapicer\u00eda, objetos de decoraci\u00f3n\",\"publisher\":{\"@id\":\"https:\/\/www.zanoni.es\/#organization\"},\"alternateName\":\"ZANONI\",\"potentialAction\":[{\"@type\":\"SearchAction\",\"target\":{\"@type\":\"EntryPoint\",\"urlTemplate\":\"https:\/\/www.zanoni.es\/?s={search_term_string}\"},\"query-input\":{\"@type\":\"PropertyValueSpecification\",\"valueRequired\":true,\"valueName\":\"search_term_string\"}}],\"inLanguage\":\"en-US\"},{\"@type\":\"Organization\",\"@id\":\"https:\/\/www.zanoni.es\/#organization\",\"name\":\"ZANONI Sitges\",\"alternateName\":\"ZANONI\",\"url\":\"https:\/\/www.zanoni.es\/\",\"logo\":{\"@type\":\"ImageObject\",\"inLanguage\":\"en-US\",\"@id\":\"https:\/\/www.zanoni.es\/#\/schema\/logo\/image\/\",\"url\":\"https:\/\/www.zanoni.es\/wp-content\/uploads\/2025\/04\/logo-512.png\",\"contentUrl\":\"https:\/\/www.zanoni.es\/wp-content\/uploads\/2025\/04\/logo-512.png\",\"width\":512,\"height\":512,\"caption\":\"ZANONI Sitges\"},\"image\":{\"@id\":\"https:\/\/www.zanoni.es\/#\/schema\/logo\/image\/\"}}]}<\/script>\n<!-- \/ Yoast SEO plugin. -->","yoast_head_json":{"title":"Indoor candles and perfumes","robots":{"index":"noindex","follow":"follow","max-snippet":"max-snippet:-1","max-image-preview":"max-image-preview:large","max-video-preview":"max-video-preview:-1"},"og_locale":"en_US","og_type":"article","og_title":"Indoor candles and perfumes","og_description":"Candles and perfumes Let yourself be seduced by the exclusive collection of candles and interior perfumes Malin &amp; Goetz, a New York firm renowned for its unique scents. Surprise yourself with unexpected aromas like tomato, cannabis, or bergamot, in addition to essential personal care kits. An exclusive offering in Sitges, only at Zanoni. Our brands","og_url":"https:\/\/www.zanoni.es\/en\/indoor-candles-and-perfumes\/","og_site_name":"ZANONI Sitges | Studio \/ Showroom \/ Store","article_modified_time":"2025-06-10T10:07:59+00:00","og_image":[{"width":700,"height":467,"url":"https:\/\/www.zanoni.es\/wp-content\/uploads\/2025\/04\/velas-perfumes.webp","type":"image\/webp"}],"twitter_card":"summary_large_image","schema":{"@context":"https:\/\/schema.org","@graph":[{"@type":"WebPage","@id":"https:\/\/www.zanoni.es\/en\/indoor-candles-and-perfumes\/","url":"https:\/\/www.zanoni.es\/en\/indoor-candles-and-perfumes\/","name":"Indoor candles and perfumes","isPartOf":{"@id":"https:\/\/www.zanoni.es\/#website"},"primaryImageOfPage":{"@id":"https:\/\/www.zanoni.es\/en\/indoor-candles-and-perfumes\/#primaryimage"},"image":{"@id":"https:\/\/www.zanoni.es\/en\/indoor-candles-and-perfumes\/#primaryimage"},"thumbnailUrl":"https:\/\/www.zanoni.es\/wp-content\/uploads\/2025\/04\/velas-perfumes.webp","datePublished":"2025-05-02T12:47:25+00:00","dateModified":"2025-06-10T10:07:59+00:00","breadcrumb":{"@id":"https:\/\/www.zanoni.es\/en\/indoor-candles-and-perfumes\/#breadcrumb"},"inLanguage":"en-US","potentialAction":[{"@type":"ReadAction","target":["https:\/\/www.zanoni.es\/en\/indoor-candles-and-perfumes\/"]}]},{"@type":"ImageObject","inLanguage":"en-US","@id":"https:\/\/www.zanoni.es\/en\/indoor-candles-and-perfumes\/#primaryimage","url":"https:\/\/www.zanoni.es\/wp-content\/uploads\/2025\/04\/velas-perfumes.webp","contentUrl":"https:\/\/www.zanoni.es\/wp-content\/uploads\/2025\/04\/velas-perfumes.webp"},{"@type":"BreadcrumbList","@id":"https:\/\/www.zanoni.es\/en\/indoor-candles-and-perfumes\/#breadcrumb","itemListElement":[{"@type":"ListItem","position":1,"name":"Portada","item":"https:\/\/www.zanoni.es\/"},{"@type":"ListItem","position":2,"name":"Indoor candles and perfumes"}]},{"@type":"WebSite","@id":"https:\/\/www.zanoni.es\/#website","url":"https:\/\/www.zanoni.es\/","name":"ZANONI Sitges | Studio \/ Showroom \/ Store","description":"Arquitectura de interiores, mobiliario e iluminaci\u00f3n, cortinas, papeles pintados y tapicer\u00eda, objetos de decoraci\u00f3n","publisher":{"@id":"https:\/\/www.zanoni.es\/#organization"},"alternateName":"ZANONI","potentialAction":[{"@type":"SearchAction","target":{"@type":"EntryPoint","urlTemplate":"https:\/\/www.zanoni.es\/?s={search_term_string}"},"query-input":{"@type":"PropertyValueSpecification","valueRequired":true,"valueName":"search_term_string"}}],"inLanguage":"en-US"},{"@type":"Organization","@id":"https:\/\/www.zanoni.es\/#organization","name":"ZANONI Sitges","alternateName":"ZANONI","url":"https:\/\/www.zanoni.es\/","logo":{"@type":"ImageObject","inLanguage":"en-US","@id":"https:\/\/www.zanoni.es\/#\/schema\/logo\/image\/","url":"https:\/\/www.zanoni.es\/wp-content\/uploads\/2025\/04\/logo-512.png","contentUrl":"https:\/\/www.zanoni.es\/wp-content\/uploads\/2025\/04\/logo-512.png","width":512,"height":512,"caption":"ZANONI Sitges"},"image":{"@id":"https:\/\/www.zanoni.es\/#\/schema\/logo\/image\/"}}]}},"_links":{"self":[{"href":"https:\/\/www.zanoni.es\/en\/wp-json\/wp\/v2\/pages\/1017","targetHints":{"allow":["GET"]}}],"collection":[{"href":"https:\/\/www.zanoni.es\/en\/wp-json\/wp\/v2\/pages"}],"about":[{"href":"https:\/\/www.zanoni.es\/en\/wp-json\/wp\/v2\/types\/page"}],"author":[{"embeddable":true,"href":"https:\/\/www.zanoni.es\/en\/wp-json\/wp\/v2\/users\/2"}],"replies":[{"embeddable":true,"href":"https:\/\/www.zanoni.es\/en\/wp-json\/wp\/v2\/comments?post=1017"}],"version-history":[{"count":1,"href":"https:\/\/www.zanoni.es\/en\/wp-json\/wp\/v2\/pages\/1017\/revisions"}],"predecessor-version":[{"id":1018,"href":"https:\/\/www.zanoni.es\/en\/wp-json\/wp\/v2\/pages\/1017\/revisions\/1018"}],"wp:attachment":[{"href":"https:\/\/www.zanoni.es\/en\/wp-json\/wp\/v2\/media?parent=1017"}],"curies":[{"name":"wp","href":"https:\/\/api.w.org\/{rel}","templated":true}]}}